{"id":952,"date":"2023-11-02T21:02:32","date_gmt":"2023-11-02T20:02:32","guid":{"rendered":"http:\/\/www.tc-h\u00fctte.de\/?page_id=952"},"modified":"2023-11-06T10:38:02","modified_gmt":"2023-11-06T09:38:02","slug":"aufnahmeantrag","status":"publish","type":"page","link":"http:\/\/www.tc-h\u00fctte.de\/?page_id=952","title":{"rendered":"Aufnahmeantrag"},"content":{"rendered":"\n<p>Wer dem &#8222;wei\u00dfen&#8220; Sport unter freiem Himmel zuk\u00fcnftig gerne auf unserer Platzanlage in Altena-Dahle nachgehen m\u00f6chte, ist herzlich eingeladen, sich zun\u00e4chst einen Eindruck vom Verein, den Mannschaften, der Platzanlage und unserem Vereinsheim zu machen.<\/p>\n\n\n\n<p>Informationen hierzu erteilt der <a href=\"http:\/\/www.xn--tc-htte-q2a.de\/?page_id=310\" data-type=\"link\" data-id=\"http:\/\/www.xn--tc-htte-q2a.de\/?page_id=310\">Vorstand<\/a> jederzeit gerne und vermittelt zu gegebener Zeit dann gerne auch die zust\u00e4ndigen Ansprechpartner f\u00fcr die  erforderlichen Formalit\u00e4ten. <\/p>\n","protected":false},"excerpt":{"rendered":"<p>Wer dem &#8222;wei\u00dfen&#8220; Sport unter freiem Himmel zuk\u00fcnftig gerne auf unserer Platzanlage in Altena-Dahle nachgehen m\u00f6chte, ist herzlich eingeladen, sich zun\u00e4chst einen Eindruck vom Verein, den Mannschaften, der Platzanlage und unserem Vereinsheim zu machen. Informationen hierzu erteilt der Vorstand jederzeit gerne und vermittelt zu gegebener Zeit dann gerne auch die zust\u00e4ndigen Ansprechpartner f\u00fcr die erforderlichen [&hellip;]<\/p>\n","protected":false},"author":1,"featured_media":0,"parent":0,"menu_order":0,"comment_status":"closed","ping_status":"closed","template":"","meta":{"footnotes":""},"_links":{"self":[{"href":"http:\/\/www.tc-h\u00fctte.de\/index.php?rest_route=\/wp\/v2\/pages\/952"}],"collection":[{"href":"http:\/\/www.tc-h\u00fctte.de\/index.php?rest_route=\/wp\/v2\/pages"}],"about":[{"href":"http:\/\/www.tc-h\u00fctte.de\/index.php?rest_route=\/wp\/v2\/types\/page"}],"author":[{"embeddable":true,"href":"http:\/\/www.tc-h\u00fctte.de\/index.php?rest_route=\/wp\/v2\/users\/1"}],"replies":[{"embeddable":true,"href":"http:\/\/www.tc-h\u00fctte.de\/index.php?rest_route=%2Fwp%2Fv2%2Fcomments&post=952"}],"version-history":[{"count":4,"href":"http:\/\/www.tc-h\u00fctte.de\/index.php?rest_route=\/wp\/v2\/pages\/952\/revisions"}],"predecessor-version":[{"id":1006,"href":"http:\/\/www.tc-h\u00fctte.de\/index.php?rest_route=\/wp\/v2\/pages\/952\/revisions\/1006"}],"wp:attachment":[{"href":"http:\/\/www.tc-h\u00fctte.de\/index.php?rest_route=%2Fwp%2Fv2%2Fmedia&parent=952"}],"curies":[{"name":"wp","href":"https:\/\/api.w.org\/{rel}","templated":true}]}}