{"id":948,"date":"2023-11-02T20:59:59","date_gmt":"2023-11-02T19:59:59","guid":{"rendered":"http:\/\/www.tc-h\u00fctte.de\/?page_id=948"},"modified":"2023-11-03T13:58:05","modified_gmt":"2023-11-03T12:58:05","slug":"starkregenkatastrophe-2021","status":"publish","type":"page","link":"http:\/\/www.tc-h\u00fctte.de\/?page_id=948","title":{"rendered":"Starkregenkatastrophe 2021"},"content":{"rendered":"\n<p>Im Juli 2021 stand der TC H\u00fctte vor einer der gr\u00f6\u00dften Herausforderungen seiner Vereinsgeschichte &#8211; in mehrfacher Hinsicht.<\/p>\n\n\n\n<p>Nach starken Regenf\u00e4llen \u00fcber mehrere Tage war der Wennescheider Bach in der Nacht vom 14. auf den 15. infolge des sukzessive verstopften Geschiebefangs \u00fcber sein nat\u00fcrliches Ufer getreten und hatte dabei nicht nur einen Teil der Zufahrt zur Platzanlage, sondern insbesondere auch den &#8222;dritten&#8220; (untersten) Platz mit Unmengen an Wasser, Schlamm, Ger\u00f6ll und Holz \u00fcberzogen und zu einem gro\u00dfen Teil zerst\u00f6rt bzw. unbrauchbar gemacht.<\/p>\n\n\n\n<figure class=\"wp-block-image size-large\"><img decoding=\"async\" loading=\"lazy\" width=\"1024\" height=\"768\" src=\"http:\/\/www.tc-h\u00fctte.de\/wp-content\/uploads\/2023\/11\/TC-Huette-1-1024x768.jpg\" alt=\"\" class=\"wp-image-965\" srcset=\"http:\/\/www.tc-h\u00fctte.de\/wp-content\/uploads\/2023\/11\/TC-Huette-1-1024x768.jpg 1024w, http:\/\/www.tc-h\u00fctte.de\/wp-content\/uploads\/2023\/11\/TC-Huette-1-300x225.jpg 300w, http:\/\/www.tc-h\u00fctte.de\/wp-content\/uploads\/2023\/11\/TC-Huette-1-768x576.jpg 768w, http:\/\/www.tc-h\u00fctte.de\/wp-content\/uploads\/2023\/11\/TC-Huette-1-1536x1152.jpg 1536w, http:\/\/www.tc-h\u00fctte.de\/wp-content\/uploads\/2023\/11\/TC-Huette-1.jpg 1600w\" sizes=\"(max-width: 1024px) 100vw, 1024px\" \/><\/figure>\n\n\n\n<figure class=\"wp-block-image size-large\"><img decoding=\"async\" loading=\"lazy\" width=\"1024\" height=\"768\" src=\"http:\/\/www.tc-h\u00fctte.de\/wp-content\/uploads\/2023\/11\/IMG_6164-1024x768.jpg\" alt=\"\" class=\"wp-image-968\" srcset=\"http:\/\/www.tc-h\u00fctte.de\/wp-content\/uploads\/2023\/11\/IMG_6164-1024x768.jpg 1024w, http:\/\/www.tc-h\u00fctte.de\/wp-content\/uploads\/2023\/11\/IMG_6164-300x225.jpg 300w, http:\/\/www.tc-h\u00fctte.de\/wp-content\/uploads\/2023\/11\/IMG_6164-768x576.jpg 768w, http:\/\/www.tc-h\u00fctte.de\/wp-content\/uploads\/2023\/11\/IMG_6164-1536x1152.jpg 1536w, http:\/\/www.tc-h\u00fctte.de\/wp-content\/uploads\/2023\/11\/IMG_6164-2048x1536.jpg 2048w\" sizes=\"(max-width: 1024px) 100vw, 1024px\" \/><\/figure>\n\n\n\n<p>Wie sich im weiteren Verlauf herausstellte, mussten unter massivem Maschineneinsatz zun\u00e4chst \u00fcber 150 Tonnen Schutt in mehreren Containerladungen abgefahren werden. An dieser Stelle nochmal herzlichen Dank an die Firma und Mitarbeiter von Siegfried M\u00fcller aus Nachrodt, die seinerzeit tagelang und mit allem, was der Maschinenpark hergab, pragmatisch-unb\u00fcrokratisch im gesamten Stadtgebiet intensiv geholfen haben, weg- und aufzur\u00e4umen &#8211; so auch bei uns.<\/p>\n\n\n\n<figure class=\"wp-block-image size-large\"><img decoding=\"async\" loading=\"lazy\" width=\"1024\" height=\"768\" src=\"http:\/\/www.tc-h\u00fctte.de\/wp-content\/uploads\/2023\/11\/IMG_6177-1024x768.jpg\" alt=\"\" class=\"wp-image-970\" srcset=\"http:\/\/www.tc-h\u00fctte.de\/wp-content\/uploads\/2023\/11\/IMG_6177-1024x768.jpg 1024w, http:\/\/www.tc-h\u00fctte.de\/wp-content\/uploads\/2023\/11\/IMG_6177-300x225.jpg 300w, http:\/\/www.tc-h\u00fctte.de\/wp-content\/uploads\/2023\/11\/IMG_6177-768x576.jpg 768w, http:\/\/www.tc-h\u00fctte.de\/wp-content\/uploads\/2023\/11\/IMG_6177-1536x1152.jpg 1536w, http:\/\/www.tc-h\u00fctte.de\/wp-content\/uploads\/2023\/11\/IMG_6177-2048x1536.jpg 2048w\" sizes=\"(max-width: 1024px) 100vw, 1024px\" \/><\/figure>\n\n\n\n<figure class=\"wp-block-image size-large\"><img decoding=\"async\" loading=\"lazy\" width=\"1024\" height=\"768\" src=\"http:\/\/www.tc-h\u00fctte.de\/wp-content\/uploads\/2023\/11\/IMG_6176-1024x768.jpg\" alt=\"\" class=\"wp-image-966\" srcset=\"http:\/\/www.tc-h\u00fctte.de\/wp-content\/uploads\/2023\/11\/IMG_6176-1024x768.jpg 1024w, http:\/\/www.tc-h\u00fctte.de\/wp-content\/uploads\/2023\/11\/IMG_6176-300x225.jpg 300w, http:\/\/www.tc-h\u00fctte.de\/wp-content\/uploads\/2023\/11\/IMG_6176-768x576.jpg 768w, http:\/\/www.tc-h\u00fctte.de\/wp-content\/uploads\/2023\/11\/IMG_6176-1536x1152.jpg 1536w, http:\/\/www.tc-h\u00fctte.de\/wp-content\/uploads\/2023\/11\/IMG_6176-2048x1536.jpg 2048w\" sizes=\"(max-width: 1024px) 100vw, 1024px\" \/><\/figure>\n\n\n\n<figure class=\"wp-block-image size-large\"><img decoding=\"async\" loading=\"lazy\" width=\"768\" height=\"1024\" src=\"http:\/\/www.tc-h\u00fctte.de\/wp-content\/uploads\/2023\/11\/IMG_6185-768x1024.jpg\" alt=\"\" class=\"wp-image-969\" srcset=\"http:\/\/www.tc-h\u00fctte.de\/wp-content\/uploads\/2023\/11\/IMG_6185-768x1024.jpg 768w, http:\/\/www.tc-h\u00fctte.de\/wp-content\/uploads\/2023\/11\/IMG_6185-225x300.jpg 225w, http:\/\/www.tc-h\u00fctte.de\/wp-content\/uploads\/2023\/11\/IMG_6185-1152x1536.jpg 1152w, http:\/\/www.tc-h\u00fctte.de\/wp-content\/uploads\/2023\/11\/IMG_6185-1536x2048.jpg 1536w, http:\/\/www.tc-h\u00fctte.de\/wp-content\/uploads\/2023\/11\/IMG_6185-scaled.jpg 1920w\" sizes=\"(max-width: 768px) 100vw, 768px\" \/><\/figure>\n\n\n\n<figure class=\"wp-block-image size-large\"><img decoding=\"async\" loading=\"lazy\" width=\"1024\" height=\"768\" src=\"http:\/\/www.tc-h\u00fctte.de\/wp-content\/uploads\/2023\/11\/IMG_6189-1024x768.jpg\" alt=\"\" class=\"wp-image-971\" srcset=\"http:\/\/www.tc-h\u00fctte.de\/wp-content\/uploads\/2023\/11\/IMG_6189-1024x768.jpg 1024w, http:\/\/www.tc-h\u00fctte.de\/wp-content\/uploads\/2023\/11\/IMG_6189-300x225.jpg 300w, http:\/\/www.tc-h\u00fctte.de\/wp-content\/uploads\/2023\/11\/IMG_6189-768x576.jpg 768w, http:\/\/www.tc-h\u00fctte.de\/wp-content\/uploads\/2023\/11\/IMG_6189-1536x1152.jpg 1536w, http:\/\/www.tc-h\u00fctte.de\/wp-content\/uploads\/2023\/11\/IMG_6189-2048x1536.jpg 2048w\" sizes=\"(max-width: 1024px) 100vw, 1024px\" \/><\/figure>\n\n\n\n<p>Anschlie\u00dfend konnten wir mit den Planungen f\u00fcr die Instandsetzungsarbeiten beginnen &#8211; finanziell unterst\u00fctzt vom Land NRW, das ein entsprechendes F\u00f6rderprogramm (wiederaufbau.nrw) ins Leben gerufen hatte &#8211; und ab Juli 2022 auch bereits wieder unseren sanierten Platz f\u00fcr Vereins- und Medenspiele nutzen.<\/p>\n\n\n\n<figure class=\"wp-block-image size-large\"><img decoding=\"async\" loading=\"lazy\" width=\"1024\" height=\"768\" src=\"http:\/\/www.tc-h\u00fctte.de\/wp-content\/uploads\/2023\/11\/IMG_7932-1024x768.jpg\" alt=\"\" class=\"wp-image-974\" srcset=\"http:\/\/www.tc-h\u00fctte.de\/wp-content\/uploads\/2023\/11\/IMG_7932-1024x768.jpg 1024w, http:\/\/www.tc-h\u00fctte.de\/wp-content\/uploads\/2023\/11\/IMG_7932-300x225.jpg 300w, http:\/\/www.tc-h\u00fctte.de\/wp-content\/uploads\/2023\/11\/IMG_7932-768x576.jpg 768w, http:\/\/www.tc-h\u00fctte.de\/wp-content\/uploads\/2023\/11\/IMG_7932-1536x1152.jpg 1536w, http:\/\/www.tc-h\u00fctte.de\/wp-content\/uploads\/2023\/11\/IMG_7932-2048x1536.jpg 2048w\" sizes=\"(max-width: 1024px) 100vw, 1024px\" \/><\/figure>\n\n\n\n<figure class=\"wp-block-image size-large\"><img decoding=\"async\" loading=\"lazy\" width=\"1024\" height=\"768\" src=\"http:\/\/www.tc-h\u00fctte.de\/wp-content\/uploads\/2023\/11\/IMG_7974-1024x768.jpg\" alt=\"\" class=\"wp-image-973\" srcset=\"http:\/\/www.tc-h\u00fctte.de\/wp-content\/uploads\/2023\/11\/IMG_7974-1024x768.jpg 1024w, http:\/\/www.tc-h\u00fctte.de\/wp-content\/uploads\/2023\/11\/IMG_7974-300x225.jpg 300w, http:\/\/www.tc-h\u00fctte.de\/wp-content\/uploads\/2023\/11\/IMG_7974-768x576.jpg 768w, http:\/\/www.tc-h\u00fctte.de\/wp-content\/uploads\/2023\/11\/IMG_7974-1536x1152.jpg 1536w, http:\/\/www.tc-h\u00fctte.de\/wp-content\/uploads\/2023\/11\/IMG_7974-2048x1536.jpg 2048w\" sizes=\"(max-width: 1024px) 100vw, 1024px\" \/><\/figure>\n\n\n\n<figure class=\"wp-block-image size-large\"><img decoding=\"async\" loading=\"lazy\" width=\"1024\" height=\"768\" src=\"http:\/\/www.tc-h\u00fctte.de\/wp-content\/uploads\/2023\/11\/IMG_1115-1024x768.jpg\" alt=\"\" class=\"wp-image-975\" srcset=\"http:\/\/www.tc-h\u00fctte.de\/wp-content\/uploads\/2023\/11\/IMG_1115-1024x768.jpg 1024w, http:\/\/www.tc-h\u00fctte.de\/wp-content\/uploads\/2023\/11\/IMG_1115-300x225.jpg 300w, http:\/\/www.tc-h\u00fctte.de\/wp-content\/uploads\/2023\/11\/IMG_1115-768x576.jpg 768w, http:\/\/www.tc-h\u00fctte.de\/wp-content\/uploads\/2023\/11\/IMG_1115-1536x1152.jpg 1536w, http:\/\/www.tc-h\u00fctte.de\/wp-content\/uploads\/2023\/11\/IMG_1115-2048x1536.jpg 2048w\" sizes=\"(max-width: 1024px) 100vw, 1024px\" \/><\/figure>\n\n\n\n<p>Letztlich sind wir mit einem blauen Auge davon gekommen und hatten viel Gl\u00fcck, sowohl bei der Schadenentstehung, im Schadenumfang als auch bei der Schadenbehebung. Gl\u00fcck im Ungl\u00fcck, das viele andere Menschen in jenen Tagen nicht hatten&#8230;<\/p>\n","protected":false},"excerpt":{"rendered":"<p>Im Juli 2021 stand der TC H\u00fctte vor einer der gr\u00f6\u00dften Herausforderungen seiner Vereinsgeschichte &#8211; in mehrfacher Hinsicht. Nach starken Regenf\u00e4llen \u00fcber mehrere Tage war der Wennescheider Bach in der Nacht vom 14. auf den 15. infolge des sukzessive verstopften Geschiebefangs \u00fcber sein nat\u00fcrliches Ufer getreten und hatte dabei nicht nur einen Teil der Zufahrt [&hellip;]<\/p>\n","protected":false},"author":1,"featured_media":0,"parent":0,"menu_order":0,"comment_status":"closed","ping_status":"closed","template":"","meta":{"footnotes":""},"_links":{"self":[{"href":"http:\/\/www.tc-h\u00fctte.de\/index.php?rest_route=\/wp\/v2\/pages\/948"}],"collection":[{"href":"http:\/\/www.tc-h\u00fctte.de\/index.php?rest_route=\/wp\/v2\/pages"}],"about":[{"href":"http:\/\/www.tc-h\u00fctte.de\/index.php?rest_route=\/wp\/v2\/types\/page"}],"author":[{"embeddable":true,"href":"http:\/\/www.tc-h\u00fctte.de\/index.php?rest_route=\/wp\/v2\/users\/1"}],"replies":[{"embeddable":true,"href":"http:\/\/www.tc-h\u00fctte.de\/index.php?rest_route=%2Fwp%2Fv2%2Fcomments&post=948"}],"version-history":[{"count":3,"href":"http:\/\/www.tc-h\u00fctte.de\/index.php?rest_route=\/wp\/v2\/pages\/948\/revisions"}],"predecessor-version":[{"id":978,"href":"http:\/\/www.tc-h\u00fctte.de\/index.php?rest_route=\/wp\/v2\/pages\/948\/revisions\/978"}],"wp:attachment":[{"href":"http:\/\/www.tc-h\u00fctte.de\/index.php?rest_route=%2Fwp%2Fv2%2Fmedia&parent=948"}],"curies":[{"name":"wp","href":"https:\/\/api.w.org\/{rel}","templated":true}]}}