{"id":946,"date":"2023-11-02T20:58:54","date_gmt":"2023-11-02T19:58:54","guid":{"rendered":"http:\/\/www.tc-h\u00fctte.de\/?page_id=946"},"modified":"2025-06-26T11:17:18","modified_gmt":"2025-06-26T09:17:18","slug":"aktiv-und-unterwegs","status":"publish","type":"page","link":"http:\/\/www.tc-h\u00fctte.de\/?page_id=946","title":{"rendered":"Aktiv und unterwegs"},"content":{"rendered":"\n<p>Neben dem Tennissport treffen wir uns in unterschiedlichen Konstellationen zudem auch f\u00fcr Wanderungen, Fahrradtouren, Stammtischrunden oder im Winter zum Skifahren &#8211; Hauptsache aktiv und an der frischen Luft.<\/p>\n\n\n\n<p>So f\u00fchren uns unsere Ausfl\u00fcge nicht nur vielfach durch das Sauerland, sondern auch an Main und Rhein, an die Ostsee, nach S\u00fcdtirol, u.v.m.<\/p>\n\n\n\n<figure class=\"wp-block-gallery has-nested-images columns-default is-cropped wp-block-gallery-1 is-layout-flex wp-block-gallery-is-layout-flex\">\n<figure class=\"wp-block-image size-large\"><img decoding=\"async\" loading=\"lazy\" width=\"768\" height=\"1024\" data-id=\"1015\" src=\"http:\/\/www.tc-h\u00fctte.de\/wp-content\/uploads\/2023\/11\/IMG_9118-768x1024.jpg\" alt=\"\" class=\"wp-image-1015\" srcset=\"http:\/\/www.tc-h\u00fctte.de\/wp-content\/uploads\/2023\/11\/IMG_9118-768x1024.jpg 768w, http:\/\/www.tc-h\u00fctte.de\/wp-content\/uploads\/2023\/11\/IMG_9118-225x300.jpg 225w, http:\/\/www.tc-h\u00fctte.de\/wp-content\/uploads\/2023\/11\/IMG_9118-1152x1536.jpg 1152w, http:\/\/www.tc-h\u00fctte.de\/wp-content\/uploads\/2023\/11\/IMG_9118-1536x2048.jpg 1536w, http:\/\/www.tc-h\u00fctte.de\/wp-content\/uploads\/2023\/11\/IMG_9118-scaled.jpg 1920w\" sizes=\"(max-width: 768px) 100vw, 768px\" \/><\/figure>\n\n\n\n<figure class=\"wp-block-image size-large\"><img decoding=\"async\" loading=\"lazy\" width=\"1024\" height=\"768\" data-id=\"1016\" src=\"http:\/\/www.tc-h\u00fctte.de\/wp-content\/uploads\/2023\/11\/IMG_9125-1024x768.jpg\" alt=\"\" class=\"wp-image-1016\" srcset=\"http:\/\/www.tc-h\u00fctte.de\/wp-content\/uploads\/2023\/11\/IMG_9125-1024x768.jpg 1024w, http:\/\/www.tc-h\u00fctte.de\/wp-content\/uploads\/2023\/11\/IMG_9125-300x225.jpg 300w, http:\/\/www.tc-h\u00fctte.de\/wp-content\/uploads\/2023\/11\/IMG_9125-768x576.jpg 768w, http:\/\/www.tc-h\u00fctte.de\/wp-content\/uploads\/2023\/11\/IMG_9125-1536x1152.jpg 1536w, http:\/\/www.tc-h\u00fctte.de\/wp-content\/uploads\/2023\/11\/IMG_9125-2048x1536.jpg 2048w\" sizes=\"(max-width: 1024px) 100vw, 1024px\" \/><\/figure>\n\n\n\n<figure class=\"wp-block-image size-large\"><img decoding=\"async\" loading=\"lazy\" width=\"1024\" height=\"768\" data-id=\"1019\" src=\"http:\/\/www.tc-h\u00fctte.de\/wp-content\/uploads\/2023\/11\/IMG_9131-1024x768.jpg\" alt=\"\" class=\"wp-image-1019\" srcset=\"http:\/\/www.tc-h\u00fctte.de\/wp-content\/uploads\/2023\/11\/IMG_9131-1024x768.jpg 1024w, http:\/\/www.tc-h\u00fctte.de\/wp-content\/uploads\/2023\/11\/IMG_9131-300x225.jpg 300w, http:\/\/www.tc-h\u00fctte.de\/wp-content\/uploads\/2023\/11\/IMG_9131-768x576.jpg 768w, http:\/\/www.tc-h\u00fctte.de\/wp-content\/uploads\/2023\/11\/IMG_9131-1536x1152.jpg 1536w, http:\/\/www.tc-h\u00fctte.de\/wp-content\/uploads\/2023\/11\/IMG_9131-2048x1536.jpg 2048w\" sizes=\"(max-width: 1024px) 100vw, 1024px\" \/><\/figure>\n\n\n\n<figure class=\"wp-block-image size-large\"><img decoding=\"async\" loading=\"lazy\" width=\"1024\" height=\"768\" data-id=\"1017\" src=\"http:\/\/www.tc-h\u00fctte.de\/wp-content\/uploads\/2023\/11\/IMG_1543-1024x768.jpg\" alt=\"\" class=\"wp-image-1017\" srcset=\"http:\/\/www.tc-h\u00fctte.de\/wp-content\/uploads\/2023\/11\/IMG_1543-1024x768.jpg 1024w, http:\/\/www.tc-h\u00fctte.de\/wp-content\/uploads\/2023\/11\/IMG_1543-300x225.jpg 300w, http:\/\/www.tc-h\u00fctte.de\/wp-content\/uploads\/2023\/11\/IMG_1543-768x576.jpg 768w, http:\/\/www.tc-h\u00fctte.de\/wp-content\/uploads\/2023\/11\/IMG_1543-1536x1152.jpg 1536w, http:\/\/www.tc-h\u00fctte.de\/wp-content\/uploads\/2023\/11\/IMG_1543-2048x1536.jpg 2048w\" sizes=\"(max-width: 1024px) 100vw, 1024px\" \/><\/figure>\n\n\n\n<figure class=\"wp-block-image size-large\"><img decoding=\"async\" loading=\"lazy\" width=\"1024\" height=\"768\" data-id=\"1018\" src=\"http:\/\/www.tc-h\u00fctte.de\/wp-content\/uploads\/2023\/11\/IMG_3659-1024x768.jpg\" alt=\"\" class=\"wp-image-1018\" srcset=\"http:\/\/www.tc-h\u00fctte.de\/wp-content\/uploads\/2023\/11\/IMG_3659-1024x768.jpg 1024w, http:\/\/www.tc-h\u00fctte.de\/wp-content\/uploads\/2023\/11\/IMG_3659-300x225.jpg 300w, http:\/\/www.tc-h\u00fctte.de\/wp-content\/uploads\/2023\/11\/IMG_3659-768x576.jpg 768w, http:\/\/www.tc-h\u00fctte.de\/wp-content\/uploads\/2023\/11\/IMG_3659-1536x1152.jpg 1536w, http:\/\/www.tc-h\u00fctte.de\/wp-content\/uploads\/2023\/11\/IMG_3659-2048x1536.jpg 2048w\" sizes=\"(max-width: 1024px) 100vw, 1024px\" \/><\/figure>\n\n\n\n<figure class=\"wp-block-image size-large\"><img decoding=\"async\" loading=\"lazy\" width=\"1024\" height=\"768\" data-id=\"1013\" src=\"http:\/\/www.tc-h\u00fctte.de\/wp-content\/uploads\/2023\/11\/IMG_1528-1024x768.jpg\" alt=\"\" class=\"wp-image-1013\" srcset=\"http:\/\/www.tc-h\u00fctte.de\/wp-content\/uploads\/2023\/11\/IMG_1528-1024x768.jpg 1024w, http:\/\/www.tc-h\u00fctte.de\/wp-content\/uploads\/2023\/11\/IMG_1528-300x225.jpg 300w, http:\/\/www.tc-h\u00fctte.de\/wp-content\/uploads\/2023\/11\/IMG_1528-768x576.jpg 768w, http:\/\/www.tc-h\u00fctte.de\/wp-content\/uploads\/2023\/11\/IMG_1528-1536x1152.jpg 1536w, http:\/\/www.tc-h\u00fctte.de\/wp-content\/uploads\/2023\/11\/IMG_1528-2048x1536.jpg 2048w\" sizes=\"(max-width: 1024px) 100vw, 1024px\" \/><\/figure>\n<\/figure>\n\n\n\n<figure class=\"wp-block-image size-full\"><img decoding=\"async\" loading=\"lazy\" width=\"1024\" height=\"768\" src=\"http:\/\/www.tc-h\u00fctte.de\/wp-content\/uploads\/2023\/12\/Bild-1.jpg\" alt=\"\" class=\"wp-image-1048\" srcset=\"http:\/\/www.tc-h\u00fctte.de\/wp-content\/uploads\/2023\/12\/Bild-1.jpg 1024w, http:\/\/www.tc-h\u00fctte.de\/wp-content\/uploads\/2023\/12\/Bild-1-300x225.jpg 300w, http:\/\/www.tc-h\u00fctte.de\/wp-content\/uploads\/2023\/12\/Bild-1-768x576.jpg 768w\" sizes=\"(max-width: 1024px) 100vw, 1024px\" \/><\/figure>\n\n\n\n<figure class=\"wp-block-image size-large\"><img decoding=\"async\" loading=\"lazy\" width=\"1024\" height=\"768\" src=\"http:\/\/www.tc-h\u00fctte.de\/wp-content\/uploads\/2023\/12\/IMG_5833-1024x768.jpg\" alt=\"\" class=\"wp-image-1039\" srcset=\"http:\/\/www.tc-h\u00fctte.de\/wp-content\/uploads\/2023\/12\/IMG_5833-1024x768.jpg 1024w, http:\/\/www.tc-h\u00fctte.de\/wp-content\/uploads\/2023\/12\/IMG_5833-300x225.jpg 300w, http:\/\/www.tc-h\u00fctte.de\/wp-content\/uploads\/2023\/12\/IMG_5833-768x576.jpg 768w, http:\/\/www.tc-h\u00fctte.de\/wp-content\/uploads\/2023\/12\/IMG_5833-1536x1152.jpg 1536w, http:\/\/www.tc-h\u00fctte.de\/wp-content\/uploads\/2023\/12\/IMG_5833-2048x1536.jpg 2048w\" sizes=\"(max-width: 1024px) 100vw, 1024px\" \/><\/figure>\n\n\n\n<figure class=\"wp-block-image size-full\"><img decoding=\"async\" loading=\"lazy\" width=\"768\" height=\"1024\" src=\"http:\/\/www.tc-h\u00fctte.de\/wp-content\/uploads\/2023\/12\/28f7c6fd-6805-439c-a779-6f22667557e7.jpg\" alt=\"\" class=\"wp-image-1050\" srcset=\"http:\/\/www.tc-h\u00fctte.de\/wp-content\/uploads\/2023\/12\/28f7c6fd-6805-439c-a779-6f22667557e7.jpg 768w, http:\/\/www.tc-h\u00fctte.de\/wp-content\/uploads\/2023\/12\/28f7c6fd-6805-439c-a779-6f22667557e7-225x300.jpg 225w\" sizes=\"(max-width: 768px) 100vw, 768px\" \/><\/figure>\n\n\n\n<figure class=\"wp-block-image size-large\"><img decoding=\"async\" loading=\"lazy\" width=\"1024\" height=\"781\" src=\"http:\/\/www.tc-h\u00fctte.de\/wp-content\/uploads\/2025\/06\/WiWa1-1024x781.jpg\" alt=\"\" class=\"wp-image-1454\" srcset=\"http:\/\/www.tc-h\u00fctte.de\/wp-content\/uploads\/2025\/06\/WiWa1-1024x781.jpg 1024w, http:\/\/www.tc-h\u00fctte.de\/wp-content\/uploads\/2025\/06\/WiWa1-300x229.jpg 300w, http:\/\/www.tc-h\u00fctte.de\/wp-content\/uploads\/2025\/06\/WiWa1-768x586.jpg 768w, http:\/\/www.tc-h\u00fctte.de\/wp-content\/uploads\/2025\/06\/WiWa1-1536x1172.jpg 1536w, http:\/\/www.tc-h\u00fctte.de\/wp-content\/uploads\/2025\/06\/WiWa1-2048x1563.jpg 2048w\" sizes=\"(max-width: 1024px) 100vw, 1024px\" \/><figcaption class=\"wp-element-caption\">Winterwanderung 2025<\/figcaption><\/figure>\n\n\n\n<figure class=\"wp-block-image size-large\"><img decoding=\"async\" loading=\"lazy\" width=\"768\" height=\"1024\" src=\"http:\/\/www.tc-h\u00fctte.de\/wp-content\/uploads\/2025\/06\/WiWa3-768x1024.jpg\" alt=\"\" class=\"wp-image-1457\" srcset=\"http:\/\/www.tc-h\u00fctte.de\/wp-content\/uploads\/2025\/06\/WiWa3-768x1024.jpg 768w, http:\/\/www.tc-h\u00fctte.de\/wp-content\/uploads\/2025\/06\/WiWa3-225x300.jpg 225w, http:\/\/www.tc-h\u00fctte.de\/wp-content\/uploads\/2025\/06\/WiWa3-1152x1536.jpg 1152w, http:\/\/www.tc-h\u00fctte.de\/wp-content\/uploads\/2025\/06\/WiWa3-1536x2048.jpg 1536w, http:\/\/www.tc-h\u00fctte.de\/wp-content\/uploads\/2025\/06\/WiWa3-scaled.jpg 1920w\" sizes=\"(max-width: 768px) 100vw, 768px\" \/><\/figure>\n\n\n\n<figure class=\"wp-block-gallery has-nested-images columns-default is-cropped wp-block-gallery-3 is-layout-flex wp-block-gallery-is-layout-flex\">\n<figure class=\"wp-block-image size-large\"><img decoding=\"async\" loading=\"lazy\" width=\"768\" height=\"1024\" data-id=\"1461\" src=\"http:\/\/www.tc-h\u00fctte.de\/wp-content\/uploads\/2025\/06\/PB2-768x1024.jpg\" alt=\"\" class=\"wp-image-1461\" srcset=\"http:\/\/www.tc-h\u00fctte.de\/wp-content\/uploads\/2025\/06\/PB2-768x1024.jpg 768w, http:\/\/www.tc-h\u00fctte.de\/wp-content\/uploads\/2025\/06\/PB2-225x300.jpg 225w, http:\/\/www.tc-h\u00fctte.de\/wp-content\/uploads\/2025\/06\/PB2-1152x1536.jpg 1152w, http:\/\/www.tc-h\u00fctte.de\/wp-content\/uploads\/2025\/06\/PB2-1536x2048.jpg 1536w, http:\/\/www.tc-h\u00fctte.de\/wp-content\/uploads\/2025\/06\/PB2-scaled.jpg 1920w\" sizes=\"(max-width: 768px) 100vw, 768px\" \/><\/figure>\n\n\n\n<figure class=\"wp-block-image size-large\"><img decoding=\"async\" loading=\"lazy\" width=\"768\" height=\"1024\" data-id=\"1459\" src=\"http:\/\/www.tc-h\u00fctte.de\/wp-content\/uploads\/2025\/06\/PB3-768x1024.jpg\" alt=\"\" class=\"wp-image-1459\" srcset=\"http:\/\/www.tc-h\u00fctte.de\/wp-content\/uploads\/2025\/06\/PB3-768x1024.jpg 768w, http:\/\/www.tc-h\u00fctte.de\/wp-content\/uploads\/2025\/06\/PB3-225x300.jpg 225w, http:\/\/www.tc-h\u00fctte.de\/wp-content\/uploads\/2025\/06\/PB3-1152x1536.jpg 1152w, http:\/\/www.tc-h\u00fctte.de\/wp-content\/uploads\/2025\/06\/PB3-1536x2048.jpg 1536w, http:\/\/www.tc-h\u00fctte.de\/wp-content\/uploads\/2025\/06\/PB3-scaled.jpg 1920w\" sizes=\"(max-width: 768px) 100vw, 768px\" \/><\/figure>\n<\/figure>\n\n\n\n<figure class=\"wp-block-image size-large\"><img decoding=\"async\" loading=\"lazy\" width=\"1024\" height=\"768\" src=\"http:\/\/www.tc-h\u00fctte.de\/wp-content\/uploads\/2025\/06\/PB4-1-1024x768.jpg\" alt=\"\" class=\"wp-image-1462\" srcset=\"http:\/\/www.tc-h\u00fctte.de\/wp-content\/uploads\/2025\/06\/PB4-1-1024x768.jpg 1024w, http:\/\/www.tc-h\u00fctte.de\/wp-content\/uploads\/2025\/06\/PB4-1-300x225.jpg 300w, http:\/\/www.tc-h\u00fctte.de\/wp-content\/uploads\/2025\/06\/PB4-1-768x576.jpg 768w, http:\/\/www.tc-h\u00fctte.de\/wp-content\/uploads\/2025\/06\/PB4-1-1536x1152.jpg 1536w, http:\/\/www.tc-h\u00fctte.de\/wp-content\/uploads\/2025\/06\/PB4-1-2048x1536.jpg 2048w\" sizes=\"(max-width: 1024px) 100vw, 1024px\" \/><\/figure>\n\n\n\n<figure class=\"wp-block-image size-large\"><img decoding=\"async\" loading=\"lazy\" width=\"1024\" height=\"768\" src=\"http:\/\/www.tc-h\u00fctte.de\/wp-content\/uploads\/2025\/06\/PB5-1-1024x768.jpg\" alt=\"\" class=\"wp-image-1463\" srcset=\"http:\/\/www.tc-h\u00fctte.de\/wp-content\/uploads\/2025\/06\/PB5-1-1024x768.jpg 1024w, http:\/\/www.tc-h\u00fctte.de\/wp-content\/uploads\/2025\/06\/PB5-1-300x225.jpg 300w, http:\/\/www.tc-h\u00fctte.de\/wp-content\/uploads\/2025\/06\/PB5-1-768x576.jpg 768w, http:\/\/www.tc-h\u00fctte.de\/wp-content\/uploads\/2025\/06\/PB5-1-1536x1152.jpg 1536w, http:\/\/www.tc-h\u00fctte.de\/wp-content\/uploads\/2025\/06\/PB5-1-2048x1536.jpg 2048w\" sizes=\"(max-width: 1024px) 100vw, 1024px\" \/><\/figure>\n","protected":false},"excerpt":{"rendered":"<p>Neben dem Tennissport treffen wir uns in unterschiedlichen Konstellationen zudem auch f\u00fcr Wanderungen, Fahrradtouren, Stammtischrunden oder im Winter zum Skifahren &#8211; Hauptsache aktiv und an der frischen Luft. So f\u00fchren uns unsere Ausfl\u00fcge nicht nur vielfach durch das Sauerland, sondern auch an Main und Rhein, an die Ostsee, nach S\u00fcdtirol, u.v.m.<\/p>\n","protected":false},"author":1,"featured_media":0,"parent":0,"menu_order":0,"comment_status":"closed","ping_status":"closed","template":"","meta":{"footnotes":""},"_links":{"self":[{"href":"http:\/\/www.tc-h\u00fctte.de\/index.php?rest_route=\/wp\/v2\/pages\/946"}],"collection":[{"href":"http:\/\/www.tc-h\u00fctte.de\/index.php?rest_route=\/wp\/v2\/pages"}],"about":[{"href":"http:\/\/www.tc-h\u00fctte.de\/index.php?rest_route=\/wp\/v2\/types\/page"}],"author":[{"embeddable":true,"href":"http:\/\/www.tc-h\u00fctte.de\/index.php?rest_route=\/wp\/v2\/users\/1"}],"replies":[{"embeddable":true,"href":"http:\/\/www.tc-h\u00fctte.de\/index.php?rest_route=%2Fwp%2Fv2%2Fcomments&post=946"}],"version-history":[{"count":8,"href":"http:\/\/www.tc-h\u00fctte.de\/index.php?rest_route=\/wp\/v2\/pages\/946\/revisions"}],"predecessor-version":[{"id":1464,"href":"http:\/\/www.tc-h\u00fctte.de\/index.php?rest_route=\/wp\/v2\/pages\/946\/revisions\/1464"}],"wp:attachment":[{"href":"http:\/\/www.tc-h\u00fctte.de\/index.php?rest_route=%2Fwp%2Fv2%2Fmedia&parent=946"}],"curies":[{"name":"wp","href":"https:\/\/api.w.org\/{rel}","templated":true}]}}