{"id":923,"date":"2023-11-02T20:33:26","date_gmt":"2023-11-02T19:33:26","guid":{"rendered":"http:\/\/www.tc-h\u00fctte.de\/?page_id=923"},"modified":"2024-09-16T11:38:35","modified_gmt":"2024-09-16T09:38:35","slug":"stadtmeisterschaften-2024","status":"publish","type":"page","link":"http:\/\/www.tc-h\u00fctte.de\/?page_id=923","title":{"rendered":"Stadtmeisterschaften 2024"},"content":{"rendered":"\n<figure class=\"wp-block-image aligncenter size-full is-resized is-style-rounded\"><img decoding=\"async\" loading=\"lazy\" width=\"259\" height=\"194\" src=\"http:\/\/www.tc-h\u00fctte.de\/wp-content\/uploads\/2024\/04\/images.jpg\" alt=\"\" class=\"wp-image-1149\" style=\"aspect-ratio:1.3350515463917525;width:416px;height:auto\"\/><\/figure>\n\n\n\n<p>Nachdem es 2022 der <a href=\"https:\/\/str-altena.de\/\" data-type=\"link\" data-id=\"https:\/\/str-altena.de\/\">TV St\u00e4dtisch Rahmede 1889 e.V<\/a>.  in die Hand genommen hatte, wieder Stadtmeisterschaften im Tennis auszurichten, folgte 2023 der <a href=\"https:\/\/www.tennisclub-einsal.de\/\" data-type=\"link\" data-id=\"https:\/\/www.tennisclub-einsal.de\/\">TC Blau-Gold Einsal e.V.<\/a> diesem Vorbild &#8211; und selbstverst\u00e4ndlich l\u00e4sst es sich auch der TC H\u00fctte nicht nehmen, den wiederaufgenommenen sportlichen Wettbewerb 2024 auszurichten.<\/p>\n\n\n\n<div class=\"wp-block-group is-vertical is-layout-flex wp-container-1 wp-block-group-is-layout-flex\">\n<p><a href=\"http:\/\/www.tc-h\u00fctte.de\/?page_id=929\" data-type=\"page\" data-id=\"929\">Allgemeine Informationen<\/a><\/p>\n\n\n\n<p><a href=\"http:\/\/www.tc-h\u00fctte.de\/?page_id=926\" data-type=\"page\" data-id=\"926\">Termine<\/a><\/p>\n\n\n\n<p><a href=\"http:\/\/www.tc-h\u00fctte.de\/?page_id=931\" data-type=\"page\" data-id=\"931\">Disziplinen<\/a><\/p>\n\n\n\n<p><a href=\"http:\/\/www.tc-h\u00fctte.de\/?page_id=933\" data-type=\"page\" data-id=\"933\">Anmeldung<\/a><\/p>\n\n\n\n<p><a href=\"http:\/\/www.tc-h\u00fctte.de\/?page_id=935\" data-type=\"page\" data-id=\"935\">Ergebnisse<\/a><\/p>\n<\/div>\n\n\n\n<p><a href=\"http:\/\/www.tc-h\u00fctte.de\/?page_id=1293\" data-type=\"page\" data-id=\"1293\">Impressionen<\/a><\/p>\n\n\n\n<figure class=\"wp-block-image size-large\"><img decoding=\"async\" loading=\"lazy\" width=\"1024\" height=\"672\" src=\"http:\/\/www.tc-h\u00fctte.de\/wp-content\/uploads\/2024\/04\/media.media_.d4fa6d87-b183-489d-841b-c24efe1ce296.original1024-1024x672.jpg\" alt=\"\" class=\"wp-image-1151\" srcset=\"http:\/\/www.tc-h\u00fctte.de\/wp-content\/uploads\/2024\/04\/media.media_.d4fa6d87-b183-489d-841b-c24efe1ce296.original1024-1024x672.jpg 1024w, http:\/\/www.tc-h\u00fctte.de\/wp-content\/uploads\/2024\/04\/media.media_.d4fa6d87-b183-489d-841b-c24efe1ce296.original1024-300x197.jpg 300w, http:\/\/www.tc-h\u00fctte.de\/wp-content\/uploads\/2024\/04\/media.media_.d4fa6d87-b183-489d-841b-c24efe1ce296.original1024-768x504.jpg 768w, http:\/\/www.tc-h\u00fctte.de\/wp-content\/uploads\/2024\/04\/media.media_.d4fa6d87-b183-489d-841b-c24efe1ce296.original1024.jpg 1200w\" sizes=\"(max-width: 1024px) 100vw, 1024px\" \/><\/figure>\n","protected":false},"excerpt":{"rendered":"<p>Nachdem es 2022 der TV St\u00e4dtisch Rahmede 1889 e.V. in die Hand genommen hatte, wieder Stadtmeisterschaften im Tennis auszurichten, folgte 2023 der TC Blau-Gold Einsal e.V. diesem Vorbild &#8211; und selbstverst\u00e4ndlich l\u00e4sst es sich auch der TC H\u00fctte nicht nehmen, den wiederaufgenommenen sportlichen Wettbewerb 2024 auszurichten. Allgemeine Informationen Termine Disziplinen Anmeldung Ergebnisse Impressionen<\/p>\n","protected":false},"author":1,"featured_media":0,"parent":0,"menu_order":0,"comment_status":"closed","ping_status":"closed","template":"","meta":{"footnotes":""},"_links":{"self":[{"href":"http:\/\/www.tc-h\u00fctte.de\/index.php?rest_route=\/wp\/v2\/pages\/923"}],"collection":[{"href":"http:\/\/www.tc-h\u00fctte.de\/index.php?rest_route=\/wp\/v2\/pages"}],"about":[{"href":"http:\/\/www.tc-h\u00fctte.de\/index.php?rest_route=\/wp\/v2\/types\/page"}],"author":[{"embeddable":true,"href":"http:\/\/www.tc-h\u00fctte.de\/index.php?rest_route=\/wp\/v2\/users\/1"}],"replies":[{"embeddable":true,"href":"http:\/\/www.tc-h\u00fctte.de\/index.php?rest_route=%2Fwp%2Fv2%2Fcomments&post=923"}],"version-history":[{"count":5,"href":"http:\/\/www.tc-h\u00fctte.de\/index.php?rest_route=\/wp\/v2\/pages\/923\/revisions"}],"predecessor-version":[{"id":1295,"href":"http:\/\/www.tc-h\u00fctte.de\/index.php?rest_route=\/wp\/v2\/pages\/923\/revisions\/1295"}],"wp:attachment":[{"href":"http:\/\/www.tc-h\u00fctte.de\/index.php?rest_route=%2Fwp%2Fv2%2Fmedia&parent=923"}],"curies":[{"name":"wp","href":"https:\/\/api.w.org\/{rel}","templated":true}]}}