{"id":919,"date":"2023-11-02T20:31:40","date_gmt":"2023-11-02T19:31:40","guid":{"rendered":"http:\/\/www.tc-h\u00fctte.de\/?page_id=919"},"modified":"2025-12-22T14:26:36","modified_gmt":"2025-12-22T13:26:36","slug":"winterwanderung","status":"publish","type":"page","link":"http:\/\/www.tc-h\u00fctte.de\/?page_id=919","title":{"rendered":"Winterwanderung"},"content":{"rendered":"\n<p>An dieser Stelle informieren wir Euch \u00fcber unsere traditionelle Winterwanderung, die wir zu Beginn eines jeden Jahres machen und <strong>die 2026 am 24. Januar<\/strong> stattfinden wird. Wir treffen uns <strong>um 13 Uhr<\/strong> auf dem Wanderparkplatz am <strong>Wixberg <\/strong>(ca. H\u00f6he Wixbergstrasse 11 \/ schr\u00e4g gegen\u00fcber der Reitanlage).<\/p>\n\n\n\n<p>Alle Vereinsmitglieder, deren Familien, Freunde und Bekannte sind herzlich eingeladen, gemeinsam ein paar sch\u00f6ne und aktive Stunden unter freiem Himmel zu verbringen. Der insgesamt ca. 10 km lange Weg f\u00fchrt uns &#8211; gut zu bew\u00e4ltigen &#8211; \u00fcber die Sauerl\u00e4nder H\u00f6hen zu einer kurzen Zwischenrast und dann zum gem\u00fctlichen Ausklang und gemeinsamen Abendessen in unser <strong>Vereinsheim<\/strong>.<\/p>\n\n\n\n<p>Wir freuen uns auf eine rege Teilnahme und viele Anmeldungen (bei Anna, Daniel oder Andre).<\/p>\n\n\n\n<p><\/p>\n","protected":false},"excerpt":{"rendered":"<p>An dieser Stelle informieren wir Euch \u00fcber unsere traditionelle Winterwanderung, die wir zu Beginn eines jeden Jahres machen und die 2026 am 24. Januar stattfinden wird. Wir treffen uns um 13 Uhr auf dem Wanderparkplatz am Wixberg (ca. H\u00f6he Wixbergstrasse 11 \/ schr\u00e4g gegen\u00fcber der Reitanlage). Alle Vereinsmitglieder, deren Familien, Freunde und Bekannte sind herzlich [&hellip;]<\/p>\n","protected":false},"author":1,"featured_media":0,"parent":915,"menu_order":0,"comment_status":"closed","ping_status":"closed","template":"","meta":{"footnotes":""},"_links":{"self":[{"href":"http:\/\/www.tc-h\u00fctte.de\/index.php?rest_route=\/wp\/v2\/pages\/919"}],"collection":[{"href":"http:\/\/www.tc-h\u00fctte.de\/index.php?rest_route=\/wp\/v2\/pages"}],"about":[{"href":"http:\/\/www.tc-h\u00fctte.de\/index.php?rest_route=\/wp\/v2\/types\/page"}],"author":[{"embeddable":true,"href":"http:\/\/www.tc-h\u00fctte.de\/index.php?rest_route=\/wp\/v2\/users\/1"}],"replies":[{"embeddable":true,"href":"http:\/\/www.tc-h\u00fctte.de\/index.php?rest_route=%2Fwp%2Fv2%2Fcomments&post=919"}],"version-history":[{"count":11,"href":"http:\/\/www.tc-h\u00fctte.de\/index.php?rest_route=\/wp\/v2\/pages\/919\/revisions"}],"predecessor-version":[{"id":1508,"href":"http:\/\/www.tc-h\u00fctte.de\/index.php?rest_route=\/wp\/v2\/pages\/919\/revisions\/1508"}],"up":[{"embeddable":true,"href":"http:\/\/www.tc-h\u00fctte.de\/index.php?rest_route=\/wp\/v2\/pages\/915"}],"wp:attachment":[{"href":"http:\/\/www.tc-h\u00fctte.de\/index.php?rest_route=%2Fwp%2Fv2%2Fmedia&parent=919"}],"curies":[{"name":"wp","href":"https:\/\/api.w.org\/{rel}","templated":true}]}}