{"id":917,"date":"2023-11-02T20:30:41","date_gmt":"2023-11-02T19:30:41","guid":{"rendered":"http:\/\/www.tc-h\u00fctte.de\/?page_id=917"},"modified":"2026-03-06T11:35:05","modified_gmt":"2026-03-06T10:35:05","slug":"arbeitseinsatz","status":"publish","type":"page","link":"http:\/\/www.tc-h\u00fctte.de\/?page_id=917","title":{"rendered":"Arbeitseinsatz"},"content":{"rendered":"\n<p>Im Fr\u00fchjahr und im Herbst bittet der Vorstand um Unterst\u00fctzung bei der Vorbereitung der Pl\u00e4tze und des Vereinsheims auf die jeweils bevorstehende Sommer- oder Wintersaison.<\/p>\n\n\n\n<p>Auf- bzw. Abh\u00e4ngen der Sichtschutzmatten, Netze, Wasserschl\u00e4uche und  Ergebnistafeln, Sicherung der Linien, Vorbereitung der Beregnungsanlage, S\u00e4uberung und Platzierung der B\u00e4nke, Tische und Balkonm\u00f6bel, &#8230; <\/p>\n\n\n\n<p><strong>Anfang April 2026 ben\u00f6tigen wir zudem bitte Unterst\u00fctzung:<\/strong><\/p>\n\n\n\n<p><strong>Am 04. April und am 11. April<\/strong>, m\u00f6chten wir vormittags auf dem oberen Platz die Arbeiten mit den Randkantensteinen und einer neuen Entw\u00e4sserungsrinne abschlie\u00dfen.<\/p>\n\n\n\n<p>Hiermit hatten wir im Herbst bereits begonnen, mussten witterungsbedingt dann aber bis ins Fr\u00fchjahr warten. Da erg\u00e4nzend auch der Platzbauer in den Startl\u00f6chern steht bitten wir um Eure Mithilfe.<\/p>\n\n\n\n<figure class=\"wp-block-image size-large\"><img decoding=\"async\" loading=\"lazy\" width=\"1024\" height=\"768\" src=\"http:\/\/www.tc-h\u00fctte.de\/wp-content\/uploads\/2026\/03\/222-1-1024x768.jpg\" alt=\"\" class=\"wp-image-1514\" srcset=\"http:\/\/www.tc-h\u00fctte.de\/wp-content\/uploads\/2026\/03\/222-1-1024x768.jpg 1024w, http:\/\/www.tc-h\u00fctte.de\/wp-content\/uploads\/2026\/03\/222-1-300x225.jpg 300w, http:\/\/www.tc-h\u00fctte.de\/wp-content\/uploads\/2026\/03\/222-1-768x576.jpg 768w, http:\/\/www.tc-h\u00fctte.de\/wp-content\/uploads\/2026\/03\/222-1-1536x1152.jpg 1536w, http:\/\/www.tc-h\u00fctte.de\/wp-content\/uploads\/2026\/03\/222-1.jpg 2016w\" sizes=\"(max-width: 1024px) 100vw, 1024px\" \/><\/figure>\n\n\n\n<p>Vielen Dank!<\/p>\n\n\n\n<p>2x j\u00e4hrlich gibt es halt ein paar routinierte Handgriffe, die im Sinne und zum Wohle des Vereinseigentums sowie getreu dem Motto &#8222;Viele H\u00e4nde, schnelles Ende&#8220; durch die aktiven Mitglieder erledigt werden.<\/p>\n","protected":false},"excerpt":{"rendered":"<p>Im Fr\u00fchjahr und im Herbst bittet der Vorstand um Unterst\u00fctzung bei der Vorbereitung der Pl\u00e4tze und des Vereinsheims auf die jeweils bevorstehende Sommer- oder Wintersaison. Auf- bzw. Abh\u00e4ngen der Sichtschutzmatten, Netze, Wasserschl\u00e4uche und Ergebnistafeln, Sicherung der Linien, Vorbereitung der Beregnungsanlage, S\u00e4uberung und Platzierung der B\u00e4nke, Tische und Balkonm\u00f6bel, &#8230; Anfang April 2026 ben\u00f6tigen wir zudem [&hellip;]<\/p>\n","protected":false},"author":2,"featured_media":0,"parent":915,"menu_order":0,"comment_status":"closed","ping_status":"closed","template":"","meta":{"footnotes":""},"_links":{"self":[{"href":"http:\/\/www.tc-h\u00fctte.de\/index.php?rest_route=\/wp\/v2\/pages\/917"}],"collection":[{"href":"http:\/\/www.tc-h\u00fctte.de\/index.php?rest_route=\/wp\/v2\/pages"}],"about":[{"href":"http:\/\/www.tc-h\u00fctte.de\/index.php?rest_route=\/wp\/v2\/types\/page"}],"author":[{"embeddable":true,"href":"http:\/\/www.tc-h\u00fctte.de\/index.php?rest_route=\/wp\/v2\/users\/2"}],"replies":[{"embeddable":true,"href":"http:\/\/www.tc-h\u00fctte.de\/index.php?rest_route=%2Fwp%2Fv2%2Fcomments&post=917"}],"version-history":[{"count":8,"href":"http:\/\/www.tc-h\u00fctte.de\/index.php?rest_route=\/wp\/v2\/pages\/917\/revisions"}],"predecessor-version":[{"id":1515,"href":"http:\/\/www.tc-h\u00fctte.de\/index.php?rest_route=\/wp\/v2\/pages\/917\/revisions\/1515"}],"up":[{"embeddable":true,"href":"http:\/\/www.tc-h\u00fctte.de\/index.php?rest_route=\/wp\/v2\/pages\/915"}],"wp:attachment":[{"href":"http:\/\/www.tc-h\u00fctte.de\/index.php?rest_route=%2Fwp%2Fv2%2Fmedia&parent=917"}],"curies":[{"name":"wp","href":"https:\/\/api.w.org\/{rel}","templated":true}]}}