{"id":915,"date":"2023-11-02T20:27:46","date_gmt":"2023-11-02T19:27:46","guid":{"rendered":"http:\/\/www.tc-h\u00fctte.de\/?page_id=915"},"modified":"2023-12-01T14:59:25","modified_gmt":"2023-12-01T13:59:25","slug":"termine-und-veranstaltungen","status":"publish","type":"page","link":"http:\/\/www.tc-h\u00fctte.de\/?page_id=915","title":{"rendered":"Termine und Veranstaltungen"},"content":{"rendered":"\n<p>An dieser Stelle informieren wir \u00fcber die sportlichen und geselligen Aktivit\u00e4ten w\u00e4hrend der Saison, aber auch au\u00dferhalb der Spielzeiten.<\/p>\n\n\n\n<p>Ein Besuch dieser Seite in unregelm\u00e4\u00dfigen Abst\u00e4nden lohnt sich immer &#8230;  \ud83d\ude42<\/p>\n\n\n\n<p><a href=\"http:\/\/www.tc-h\u00fctte.de\/?page_id=1027\">Mitgliederversammlung<\/a><\/p>\n\n\n\n<p><a href=\"http:\/\/www.tc-h\u00fctte.de\/?page_id=921\">Saisoner\u00f6ffnung<\/a><\/p>\n\n\n\n<p><a href=\"http:\/\/www.tc-h\u00fctte.de\/?page_id=917\">Arbeitseinsatz<\/a><\/p>\n\n\n\n<p><a href=\"http:\/\/www.tc-h\u00fctte.de\/?page_id=919\">Winterwanderung<\/a><\/p>\n\n\n\n<p><a href=\"http:\/\/www.tc-h\u00fctte.de\/?page_id=923\">Stadtmeisterschaften 2024<\/a><\/p>\n","protected":false},"excerpt":{"rendered":"<p>An dieser Stelle informieren wir \u00fcber die sportlichen und geselligen Aktivit\u00e4ten w\u00e4hrend der Saison, aber auch au\u00dferhalb der Spielzeiten. Ein Besuch dieser Seite in unregelm\u00e4\u00dfigen Abst\u00e4nden lohnt sich immer &#8230; \ud83d\ude42 Mitgliederversammlung Saisoner\u00f6ffnung Arbeitseinsatz Winterwanderung Stadtmeisterschaften 2024<\/p>\n","protected":false},"author":1,"featured_media":0,"parent":0,"menu_order":0,"comment_status":"closed","ping_status":"closed","template":"","meta":{"footnotes":""},"_links":{"self":[{"href":"http:\/\/www.tc-h\u00fctte.de\/index.php?rest_route=\/wp\/v2\/pages\/915"}],"collection":[{"href":"http:\/\/www.tc-h\u00fctte.de\/index.php?rest_route=\/wp\/v2\/pages"}],"about":[{"href":"http:\/\/www.tc-h\u00fctte.de\/index.php?rest_route=\/wp\/v2\/types\/page"}],"author":[{"embeddable":true,"href":"http:\/\/www.tc-h\u00fctte.de\/index.php?rest_route=\/wp\/v2\/users\/1"}],"replies":[{"embeddable":true,"href":"http:\/\/www.tc-h\u00fctte.de\/index.php?rest_route=%2Fwp%2Fv2%2Fcomments&post=915"}],"version-history":[{"count":4,"href":"http:\/\/www.tc-h\u00fctte.de\/index.php?rest_route=\/wp\/v2\/pages\/915\/revisions"}],"predecessor-version":[{"id":1057,"href":"http:\/\/www.tc-h\u00fctte.de\/index.php?rest_route=\/wp\/v2\/pages\/915\/revisions\/1057"}],"wp:attachment":[{"href":"http:\/\/www.tc-h\u00fctte.de\/index.php?rest_route=%2Fwp%2Fv2%2Fmedia&parent=915"}],"curies":[{"name":"wp","href":"https:\/\/api.w.org\/{rel}","templated":true}]}}