{"id":72,"date":"2020-01-05T22:27:47","date_gmt":"2020-01-05T21:27:47","guid":{"rendered":"http:\/\/www.xn--tc-htte-q2a.de\/test\/?page_id=72"},"modified":"2023-11-03T16:26:58","modified_gmt":"2023-11-03T15:26:58","slug":"clubhaus","status":"publish","type":"page","link":"http:\/\/www.tc-h\u00fctte.de\/?page_id=72","title":{"rendered":"Clubhaus"},"content":{"rendered":"\n<figure class=\"wp-block-image aligncenter size-full\"><img decoding=\"async\" loading=\"lazy\" width=\"530\" height=\"397\" src=\"http:\/\/www.tc-h\u00fctte.de\/wp-content\/uploads\/2020\/01\/b866251a1bd0db4a150.jpg\" alt=\"\" class=\"wp-image-139\" srcset=\"http:\/\/www.tc-h\u00fctte.de\/wp-content\/uploads\/2020\/01\/b866251a1bd0db4a150.jpg 530w, http:\/\/www.tc-h\u00fctte.de\/wp-content\/uploads\/2020\/01\/b866251a1bd0db4a150-300x225.jpg 300w\" sizes=\"(max-width: 530px) 100vw, 530px\" \/><figcaption class=\"wp-element-caption\"> <\/figcaption><\/figure>\n\n\n\n<p style=\"font-size:clamp(14px, 0.875rem + ((1vw - 3.2px) * 0.455), 18px);\">Gebaut mit Hilfe gro\u00dfz\u00fcgiger Spenden wurde das Clubhaus im Jahr 1975 im Rahmen einer kleinen Feier offiziell eingeweiht und war bzw. ist seit jeher Mittelpunkt des Geschehens; sei es bei der Saisoner\u00f6ffnung, bei Meisterschaftsspielen oder nach dem Training.<\/p>\n\n\n\n<p style=\"font-size:clamp(14px, 0.875rem + ((1vw - 3.2px) * 0.455), 18px);\">Im M\u00e4rz 2021 haben wir im Zusammenhang mit dem F\u00f6rderprogramm &#8222;Moderne Sportst\u00e4tte&#8220; des Landes NRW umfangreiche Sanierungsma\u00dfnahmen durchgef\u00fchrt: Fenster und T\u00fcren wurden aus energetischen Gesichtspunkten ausgetauscht, die Fassade des Vereinsheims aufgearbeitet und neu gestrichen und die Fangzaunanlage sowie der Zugang auf dem mittleren und dem oberen Platz erneuert.<\/p>\n\n\n\n<figure class=\"wp-block-image size-large\"><img decoding=\"async\" loading=\"lazy\" width=\"735\" height=\"1024\" src=\"http:\/\/www.tc-h\u00fctte.de\/wp-content\/uploads\/2023\/11\/IMG_5028-1-735x1024.jpg\" alt=\"\" class=\"wp-image-982\" srcset=\"http:\/\/www.tc-h\u00fctte.de\/wp-content\/uploads\/2023\/11\/IMG_5028-1-735x1024.jpg 735w, http:\/\/www.tc-h\u00fctte.de\/wp-content\/uploads\/2023\/11\/IMG_5028-1-215x300.jpg 215w, http:\/\/www.tc-h\u00fctte.de\/wp-content\/uploads\/2023\/11\/IMG_5028-1-768x1070.jpg 768w, http:\/\/www.tc-h\u00fctte.de\/wp-content\/uploads\/2023\/11\/IMG_5028-1-1102x1536.jpg 1102w, http:\/\/www.tc-h\u00fctte.de\/wp-content\/uploads\/2023\/11\/IMG_5028-1-1469x2048.jpg 1469w, http:\/\/www.tc-h\u00fctte.de\/wp-content\/uploads\/2023\/11\/IMG_5028-1-scaled.jpg 1837w\" sizes=\"(max-width: 735px) 100vw, 735px\" \/><figcaption class=\"wp-element-caption\">aus alt&#8230;<\/figcaption><\/figure>\n\n\n\n<figure class=\"wp-block-image size-large\"><img decoding=\"async\" loading=\"lazy\" width=\"768\" height=\"1024\" src=\"http:\/\/www.tc-h\u00fctte.de\/wp-content\/uploads\/2023\/11\/IMG_5284-768x1024.jpg\" alt=\"\" class=\"wp-image-981\" srcset=\"http:\/\/www.tc-h\u00fctte.de\/wp-content\/uploads\/2023\/11\/IMG_5284-768x1024.jpg 768w, http:\/\/www.tc-h\u00fctte.de\/wp-content\/uploads\/2023\/11\/IMG_5284-225x300.jpg 225w, http:\/\/www.tc-h\u00fctte.de\/wp-content\/uploads\/2023\/11\/IMG_5284-1152x1536.jpg 1152w, http:\/\/www.tc-h\u00fctte.de\/wp-content\/uploads\/2023\/11\/IMG_5284-1536x2048.jpg 1536w, http:\/\/www.tc-h\u00fctte.de\/wp-content\/uploads\/2023\/11\/IMG_5284-scaled.jpg 1920w\" sizes=\"(max-width: 768px) 100vw, 768px\" \/><figcaption class=\"wp-element-caption\">&#8230;mach neu.<\/figcaption><\/figure>\n\n\n\n<p style=\"font-size:clamp(14px, 0.875rem + ((1vw - 3.2px) * 0.455), 18px);\">Das Clubhaus ist ausgestattet mit einem Kamin, einer Zapfanlage, zwei weiteren K\u00fchlschr\u00e4nken sowie Sp\u00fclmaschine und Herd\/Backofen.<\/p>\n\n\n\n<p style=\"font-size:clamp(14px, 0.875rem + ((1vw - 3.2px) * 0.455), 18px);\">Mitglieder und Freunde k\u00f6nnen das Clubhaus auch f\u00fcr Feiern oder \u00e4hnliches <a href=\"http:\/\/www.tc-h\u00fctte.de\/?page_id=326\" data-type=\"page\" data-id=\"326\">mieten<\/a>.<\/p>\n","protected":false},"excerpt":{"rendered":"<p>Gebaut mit Hilfe gro\u00dfz\u00fcgiger Spenden wurde das Clubhaus im Jahr 1975 im Rahmen einer kleinen Feier offiziell eingeweiht und war bzw. ist seit jeher Mittelpunkt des Geschehens; sei es bei der Saisoner\u00f6ffnung, bei Meisterschaftsspielen oder nach dem Training. Im M\u00e4rz 2021 haben wir im Zusammenhang mit dem F\u00f6rderprogramm &#8222;Moderne Sportst\u00e4tte&#8220; des Landes NRW umfangreiche Sanierungsma\u00dfnahmen [&hellip;]<\/p>\n","protected":false},"author":1,"featured_media":0,"parent":267,"menu_order":2,"comment_status":"closed","ping_status":"closed","template":"","meta":{"footnotes":""},"_links":{"self":[{"href":"http:\/\/www.tc-h\u00fctte.de\/index.php?rest_route=\/wp\/v2\/pages\/72"}],"collection":[{"href":"http:\/\/www.tc-h\u00fctte.de\/index.php?rest_route=\/wp\/v2\/pages"}],"about":[{"href":"http:\/\/www.tc-h\u00fctte.de\/index.php?rest_route=\/wp\/v2\/types\/page"}],"author":[{"embeddable":true,"href":"http:\/\/www.tc-h\u00fctte.de\/index.php?rest_route=\/wp\/v2\/users\/1"}],"replies":[{"embeddable":true,"href":"http:\/\/www.tc-h\u00fctte.de\/index.php?rest_route=%2Fwp%2Fv2%2Fcomments&post=72"}],"version-history":[{"count":34,"href":"http:\/\/www.tc-h\u00fctte.de\/index.php?rest_route=\/wp\/v2\/pages\/72\/revisions"}],"predecessor-version":[{"id":985,"href":"http:\/\/www.tc-h\u00fctte.de\/index.php?rest_route=\/wp\/v2\/pages\/72\/revisions\/985"}],"up":[{"embeddable":true,"href":"http:\/\/www.tc-h\u00fctte.de\/index.php?rest_route=\/wp\/v2\/pages\/267"}],"wp:attachment":[{"href":"http:\/\/www.tc-h\u00fctte.de\/index.php?rest_route=%2Fwp%2Fv2%2Fmedia&parent=72"}],"curies":[{"name":"wp","href":"https:\/\/api.w.org\/{rel}","templated":true}]}}