{"id":427,"date":"2023-11-02T20:25:35","date_gmt":"2023-11-02T19:25:35","guid":{"rendered":"http:\/\/www.xn--tc-htte-q2a.de\/test\/?page_id=427"},"modified":"2026-03-06T11:46:58","modified_gmt":"2026-03-06T10:46:58","slug":"aktuelles","status":"publish","type":"page","link":"http:\/\/www.tc-h\u00fctte.de\/?page_id=427","title":{"rendered":"Aktuelles"},"content":{"rendered":"\n<hr class=\"wp-block-separator has-alpha-channel-opacity\"\/>\n\n\n\n<figure class=\"wp-block-image aligncenter size-full\"><img decoding=\"async\" loading=\"lazy\" width=\"362\" height=\"424\" src=\"http:\/\/www.tc-h\u00fctte.de\/wp-content\/uploads\/2024\/03\/1.jpg\" alt=\"\" class=\"wp-image-1134\" srcset=\"http:\/\/www.tc-h\u00fctte.de\/wp-content\/uploads\/2024\/03\/1.jpg 362w, http:\/\/www.tc-h\u00fctte.de\/wp-content\/uploads\/2024\/03\/1-256x300.jpg 256w\" sizes=\"(max-width: 362px) 100vw, 362px\" \/><\/figure>\n\n\n\n<p>Die Sommersaison 2026 naht &#8211; und alle freuen sich, Tennis nicht mehr bei LED-Licht, sondern wieder unter Sonnenstrahlen bzw. drau\u00dfen zu spielen.<\/p>\n\n\n\n<p>Zur Vorbereitung der Platzanlage bitten wir im <strong>Fr\u00fchjahr 2026<\/strong> um Eure Hilfe:<\/p>\n\n\n\n<ul>\n<li><strong>am 04. April<\/strong> (vormittags, Start: 08:30 Uhr) und<\/li>\n\n\n\n<li><strong>am 11. April<\/strong> (vormittags, Start, 08:30 Uhr)<\/li>\n<\/ul>\n\n\n\n<p>Wir m\u00f6chten die Erneuerung der Randkantensteine und einer Entw\u00e4sserungsrinne auf dem oberen Platz abschlie\u00dfen, damit die Instandhaltung durch den Platzbauer, der schon in den Startl\u00f6chern steht, stattfinden kann.<\/p>\n\n\n\n<figure class=\"wp-block-image size-large\"><img decoding=\"async\" loading=\"lazy\" width=\"1024\" height=\"768\" src=\"http:\/\/www.tc-h\u00fctte.de\/wp-content\/uploads\/2026\/03\/222-2-1024x768.jpg\" alt=\"\" class=\"wp-image-1517\" srcset=\"http:\/\/www.tc-h\u00fctte.de\/wp-content\/uploads\/2026\/03\/222-2-1024x768.jpg 1024w, http:\/\/www.tc-h\u00fctte.de\/wp-content\/uploads\/2026\/03\/222-2-300x225.jpg 300w, http:\/\/www.tc-h\u00fctte.de\/wp-content\/uploads\/2026\/03\/222-2-768x576.jpg 768w, http:\/\/www.tc-h\u00fctte.de\/wp-content\/uploads\/2026\/03\/222-2-1536x1152.jpg 1536w, http:\/\/www.tc-h\u00fctte.de\/wp-content\/uploads\/2026\/03\/222-2.jpg 2016w\" sizes=\"(max-width: 1024px) 100vw, 1024px\" \/><\/figure>\n\n\n\n<p>Bitte nehmt Euch an den beiden Tagen ein\/zwei Stunden Zeit und bringt Handschuhe mit &#8211; dann haben wir alle anstehenden Arbeiten schnell(er) hinter uns.<\/p>\n\n\n\n<hr class=\"wp-block-separator has-alpha-channel-opacity\"\/>\n\n\n\n<p><\/p>\n\n\n\n<hr class=\"wp-block-separator has-alpha-channel-opacity\"\/>\n\n\n\n<figure class=\"wp-block-image size-full\"><img decoding=\"async\" loading=\"lazy\" width=\"1024\" height=\"642\" src=\"http:\/\/www.tc-h\u00fctte.de\/wp-content\/uploads\/2024\/04\/Witterung-1-Mai.jpg\" alt=\"\" class=\"wp-image-1166\" srcset=\"http:\/\/www.tc-h\u00fctte.de\/wp-content\/uploads\/2024\/04\/Witterung-1-Mai.jpg 1024w, http:\/\/www.tc-h\u00fctte.de\/wp-content\/uploads\/2024\/04\/Witterung-1-Mai-300x188.jpg 300w, http:\/\/www.tc-h\u00fctte.de\/wp-content\/uploads\/2024\/04\/Witterung-1-Mai-768x482.jpg 768w\" sizes=\"(max-width: 1024px) 100vw, 1024px\" \/><\/figure>\n\n\n\n<p class=\"has-text-align-center\"><strong>Achtung:<\/strong><br>Bei Vollbelegung der Pl\u00e4tze (im freien Training) und wartenden Spielerinnen und Spielern ist es aus Gr\u00fcnden der Fairne\u00df geboten, eine laufende Partie ggf. auch <strong>vor <\/strong>regul\u00e4rem Abschluss des Satzes oder des Matches zu beenden und so eine Rotation zu erm\u00f6glichen.<\/p>\n\n\n\n<hr class=\"wp-block-separator has-alpha-channel-opacity\"\/>\n\n\n\n<p class=\"has-text-align-center\"> <a href=\"https:\/\/magazin.lsb.nrw\/ausgabe\/2023\/07\/0010.html\" data-type=\"link\" data-id=\"https:\/\/magazin.lsb.nrw\/ausgabe\/2023\/07\/0010.html\"><strong>Hier<\/strong><\/a> geht es zur Online-Ausgabe des Magazins vom Landessportbund NRW, in der u.a. \u00fcber den neuen Tennis-Ableger &#8222;Padel Tennis&#8220; berichtet wird.<\/p>\n\n\n\n<hr class=\"wp-block-separator has-alpha-channel-opacity\"\/>\n\n\n\n<p class=\"has-text-align-center\">Zur neuesten E-Ausgabe des WTV-Magazins:<\/p>\n\n\n\n<figure class=\"wp-block-image size-large\"><a href=\"https:\/\/www.flipsnack.com\/FFE7685569B\/westfalentennis-03-2025\/full-view.html?p=1&amp;td=Ym9va3NoZWxmOnpjaXFqcHg0b3Q%3D\"><img decoding=\"async\" loading=\"lazy\" width=\"576\" height=\"1024\" src=\"http:\/\/www.tc-h\u00fctte.de\/wp-content\/uploads\/2025\/10\/Design-1-eMag-Werbung-Vereine-eMag-032025-576x1024.png\" alt=\"\" class=\"wp-image-1495\" srcset=\"http:\/\/www.tc-h\u00fctte.de\/wp-content\/uploads\/2025\/10\/Design-1-eMag-Werbung-Vereine-eMag-032025-576x1024.png 576w, http:\/\/www.tc-h\u00fctte.de\/wp-content\/uploads\/2025\/10\/Design-1-eMag-Werbung-Vereine-eMag-032025-169x300.png 169w, http:\/\/www.tc-h\u00fctte.de\/wp-content\/uploads\/2025\/10\/Design-1-eMag-Werbung-Vereine-eMag-032025-768x1365.png 768w, http:\/\/www.tc-h\u00fctte.de\/wp-content\/uploads\/2025\/10\/Design-1-eMag-Werbung-Vereine-eMag-032025-864x1536.png 864w, http:\/\/www.tc-h\u00fctte.de\/wp-content\/uploads\/2025\/10\/Design-1-eMag-Werbung-Vereine-eMag-032025.png 1080w\" sizes=\"(max-width: 576px) 100vw, 576px\" \/><\/a><\/figure>\n","protected":false},"excerpt":{"rendered":"<p>Die Sommersaison 2026 naht &#8211; und alle freuen sich, Tennis nicht mehr bei LED-Licht, sondern wieder unter Sonnenstrahlen bzw. drau\u00dfen zu spielen. Zur Vorbereitung der Platzanlage bitten wir im Fr\u00fchjahr 2026 um Eure Hilfe: Wir m\u00f6chten die Erneuerung der Randkantensteine und einer Entw\u00e4sserungsrinne auf dem oberen Platz abschlie\u00dfen, damit die Instandhaltung durch den Platzbauer, der [&hellip;]<\/p>\n","protected":false},"author":1,"featured_media":0,"parent":0,"menu_order":0,"comment_status":"closed","ping_status":"closed","template":"","meta":{"footnotes":""},"_links":{"self":[{"href":"http:\/\/www.tc-h\u00fctte.de\/index.php?rest_route=\/wp\/v2\/pages\/427"}],"collection":[{"href":"http:\/\/www.tc-h\u00fctte.de\/index.php?rest_route=\/wp\/v2\/pages"}],"about":[{"href":"http:\/\/www.tc-h\u00fctte.de\/index.php?rest_route=\/wp\/v2\/types\/page"}],"author":[{"embeddable":true,"href":"http:\/\/www.tc-h\u00fctte.de\/index.php?rest_route=\/wp\/v2\/users\/1"}],"replies":[{"embeddable":true,"href":"http:\/\/www.tc-h\u00fctte.de\/index.php?rest_route=%2Fwp%2Fv2%2Fcomments&post=427"}],"version-history":[{"count":35,"href":"http:\/\/www.tc-h\u00fctte.de\/index.php?rest_route=\/wp\/v2\/pages\/427\/revisions"}],"predecessor-version":[{"id":1521,"href":"http:\/\/www.tc-h\u00fctte.de\/index.php?rest_route=\/wp\/v2\/pages\/427\/revisions\/1521"}],"wp:attachment":[{"href":"http:\/\/www.tc-h\u00fctte.de\/index.php?rest_route=%2Fwp%2Fv2%2Fmedia&parent=427"}],"curies":[{"name":"wp","href":"https:\/\/api.w.org\/{rel}","templated":true}]}}