{"id":310,"date":"2020-02-01T12:40:36","date_gmt":"2020-02-01T11:40:36","guid":{"rendered":"http:\/\/www.xn--tc-htte-q2a.de\/test\/?page_id=310"},"modified":"2025-10-02T10:16:25","modified_gmt":"2025-10-02T08:16:25","slug":"vorstand","status":"publish","type":"page","link":"http:\/\/www.tc-h\u00fctte.de\/?page_id=310","title":{"rendered":"Vorstand"},"content":{"rendered":"\n<p><\/p>\n\n\n\n<figure class=\"wp-block-image size-large\"><img decoding=\"async\" loading=\"lazy\" width=\"1024\" height=\"316\" src=\"http:\/\/www.tc-h\u00fctte.de\/wp-content\/uploads\/2025\/10\/IMG_4226_2-1024x316.jpg\" alt=\"\" class=\"wp-image-1489\" srcset=\"http:\/\/www.tc-h\u00fctte.de\/wp-content\/uploads\/2025\/10\/IMG_4226_2-1024x316.jpg 1024w, http:\/\/www.tc-h\u00fctte.de\/wp-content\/uploads\/2025\/10\/IMG_4226_2-300x92.jpg 300w, http:\/\/www.tc-h\u00fctte.de\/wp-content\/uploads\/2025\/10\/IMG_4226_2-768x237.jpg 768w, http:\/\/www.tc-h\u00fctte.de\/wp-content\/uploads\/2025\/10\/IMG_4226_2-1536x474.jpg 1536w, http:\/\/www.tc-h\u00fctte.de\/wp-content\/uploads\/2025\/10\/IMG_4226_2-2048x631.jpg 2048w\" sizes=\"(max-width: 1024px) 100vw, 1024px\" \/><\/figure>\n\n\n\n<h3 class=\"wp-block-heading\">1.Vorsitzender<\/h3>\n\n\n\n<p>Andre Scholz<br><a href=\"mailto:scholz.andre64@googlemail.com\" target=\"_blank\" rel=\"noreferrer noopener\">E-Mail<\/a><br><\/p>\n\n\n\n<h3 class=\"wp-block-heading\">2. Vorsitzender<\/h3>\n\n\n\n<p>Kai Baltrock<br><a href=\"mailto:baltrok70@web.de\" target=\"_blank\" rel=\"noreferrer noopener\">E-Mail<\/a><\/p>\n\n\n\n<h3 class=\"wp-block-heading\">Sportwart<\/h3>\n\n\n\n<p>Andreas Klose<br><a href=\"mailto:andreas.klose225@googlemail.com\" target=\"_blank\" rel=\"noreferrer noopener\">E-Mail<\/a><\/p>\n\n\n\n<h3 class=\"wp-block-heading\">Jugendwartin<\/h3>\n\n\n\n<p>Anna Robrahn<br><a href=\"mailto:anna-scholz@gmx.de\">E-Mail<\/a><br><\/p>\n\n\n\n<h3 class=\"wp-block-heading\">Schatzmeister<\/h3>\n\n\n\n<p>Bruno Pedro<br><a href=\"mailto:brunopedro@gmx.de\" data-type=\"mailto\" data-id=\"mailto:brunopedro@gmx.de\">E-Mail<\/a><\/p>\n\n\n\n<h3 class=\"wp-block-heading\">Schriftf\u00fchrer<\/h3>\n\n\n\n<p>Daniel F\u00f6rster<br><a href=\"mailto:daniel.y.foerster@t-online.de\" target=\"_blank\" rel=\"noreferrer noopener\">E-Mail<\/a><\/p>\n\n\n\n<h3 class=\"wp-block-heading\">Sozialwart<\/h3>\n\n\n\n<p>Paul Tierney<br><a href=\"mailto:gandptierney@cityweb.de\" data-type=\"mailto\" data-id=\"mailto:gandptierney@cityweb.de\">E-Mail<\/a><\/p>\n\n\n\n<figure class=\"wp-block-image size-large\"><img decoding=\"async\" loading=\"lazy\" width=\"1024\" height=\"711\" src=\"http:\/\/www.tc-h\u00fctte.de\/wp-content\/uploads\/2025\/10\/IMG_4223-1024x711.jpg\" alt=\"\" class=\"wp-image-1491\" srcset=\"http:\/\/www.tc-h\u00fctte.de\/wp-content\/uploads\/2025\/10\/IMG_4223-1024x711.jpg 1024w, http:\/\/www.tc-h\u00fctte.de\/wp-content\/uploads\/2025\/10\/IMG_4223-300x208.jpg 300w, http:\/\/www.tc-h\u00fctte.de\/wp-content\/uploads\/2025\/10\/IMG_4223-768x533.jpg 768w, http:\/\/www.tc-h\u00fctte.de\/wp-content\/uploads\/2025\/10\/IMG_4223-1536x1067.jpg 1536w, http:\/\/www.tc-h\u00fctte.de\/wp-content\/uploads\/2025\/10\/IMG_4223-2048x1422.jpg 2048w\" sizes=\"(max-width: 1024px) 100vw, 1024px\" \/><\/figure>\n\n\n\n<p>Der Vorstand des TC H\u00fctte e.V. Altena-Dahle (10\/2025)<\/p>\n","protected":false},"excerpt":{"rendered":"<p>1.Vorsitzender Andre ScholzE-Mail 2. Vorsitzender Kai BaltrockE-Mail Sportwart Andreas KloseE-Mail Jugendwartin Anna RobrahnE-Mail Schatzmeister Bruno PedroE-Mail Schriftf\u00fchrer Daniel F\u00f6rsterE-Mail Sozialwart Paul TierneyE-Mail Der Vorstand des TC H\u00fctte e.V. Altena-Dahle (10\/2025)<\/p>\n","protected":false},"author":1,"featured_media":0,"parent":267,"menu_order":4,"comment_status":"closed","ping_status":"closed","template":"","meta":{"footnotes":""},"_links":{"self":[{"href":"http:\/\/www.tc-h\u00fctte.de\/index.php?rest_route=\/wp\/v2\/pages\/310"}],"collection":[{"href":"http:\/\/www.tc-h\u00fctte.de\/index.php?rest_route=\/wp\/v2\/pages"}],"about":[{"href":"http:\/\/www.tc-h\u00fctte.de\/index.php?rest_route=\/wp\/v2\/types\/page"}],"author":[{"embeddable":true,"href":"http:\/\/www.tc-h\u00fctte.de\/index.php?rest_route=\/wp\/v2\/users\/1"}],"replies":[{"embeddable":true,"href":"http:\/\/www.tc-h\u00fctte.de\/index.php?rest_route=%2Fwp%2Fv2%2Fcomments&post=310"}],"version-history":[{"count":14,"href":"http:\/\/www.tc-h\u00fctte.de\/index.php?rest_route=\/wp\/v2\/pages\/310\/revisions"}],"predecessor-version":[{"id":1493,"href":"http:\/\/www.tc-h\u00fctte.de\/index.php?rest_route=\/wp\/v2\/pages\/310\/revisions\/1493"}],"up":[{"embeddable":true,"href":"http:\/\/www.tc-h\u00fctte.de\/index.php?rest_route=\/wp\/v2\/pages\/267"}],"wp:attachment":[{"href":"http:\/\/www.tc-h\u00fctte.de\/index.php?rest_route=%2Fwp%2Fv2%2Fmedia&parent=310"}],"curies":[{"name":"wp","href":"https:\/\/api.w.org\/{rel}","templated":true}]}}