{"id":262,"date":"2020-01-24T22:08:17","date_gmt":"2020-01-24T21:08:17","guid":{"rendered":"http:\/\/www.xn--tc-htte-q2a.de\/test\/?page_id=262"},"modified":"2025-06-26T10:50:14","modified_gmt":"2025-06-26T08:50:14","slug":"datenschutzerklaerung","status":"publish","type":"page","link":"http:\/\/www.tc-h\u00fctte.de\/?page_id=262","title":{"rendered":"Datenschutzerkl\u00e4rung"},"content":{"rendered":"\n<p><\/p>\n\n\n\n<p>Der Vorstand des TC H\u00fctte Altena e.V. hat in seiner Sitzung am 11.06.2018 die nachstehende Datenschutzordnung beschlossen und zuletzt im M\u00e4rz 2025 aktualisiert.<\/p>\n\n\n\n<p><strong>Name und Kontaktdaten des Verantwortlichen<\/strong><\/p>\n\n\n\n<ol type=\"1\"><\/ol>\n\n\n\n<p>Tennisclub TC H\u00fctte Altena e.V., Der Vorstand<br>E-Mail: tc-huette@web.de<\/p>\n\n\n\n<p><strong>Verarbeitung personenbezogener Daten<\/strong><\/p>\n\n\n\n<p>Der Vorstand verarbeitet folgende personenbezogene Daten seiner Mitglieder:<\/p>\n\n\n\n<ol type=\"a\">\n<li>Name<\/li>\n\n\n\n<li>Vorname<\/li>\n\n\n\n<li>Anschrift<\/li>\n\n\n\n<li>E-Mail-Adresse<\/li>\n\n\n\n<li>Geburtsdatum<\/li>\n\n\n\n<li>Beitrittsdatum<\/li>\n\n\n\n<li>Bankverbindung<\/li>\n\n\n\n<li>H\u00f6he der Mitgliedsbeitr\u00e4ge und ggf. Spenden<\/li>\n\n\n\n<li>eventuelle weitere Familienmitglieder<\/li>\n<\/ol>\n\n\n\n<p><strong>Rechtsgrundlage der Verarbeitung<\/strong><\/p>\n\n\n\n<p>Die Verarbeitung der personenbezogenen Daten erfolgt aufgrund der Erforderlichkeit zur Erf\u00fcllung eines Vertragsverh\u00e4ltnisses gem\u00e4\u00df Artikel 6 Abs. 1 lit. b) DSGVO. Bei den Vertragsverh\u00e4ltnissen handelt es sich in erster Linie um das Mitgliedschaftsverh\u00e4ltnis im Verein und um die Teilnahme am Spielbetrieb der Fachverb\u00e4nde.<\/p>\n\n\n\n<p>Werden personenbezogene Daten erhoben, ohne dass die Verarbeitung zur Erf\u00fcllung des Vertrages erforderlich ist, erfolgt die Verarbeitung aufgrund einer Einwilligung nach Artikel 6 Abs. 1 lit. a) i.V.m. Artikel 7 DSGVO.<\/p>\n\n\n\n<p>Die Ver\u00f6ffentlichung personenbezogener Daten im Internet oder in lokalen, regionalen oder \u00fcberregionalen Printmedien erfolgt zur Wahrung berechtigter Interessen des Vereins (vgl. Artikel 6 Abs. 1 lit. f) DSGVO). Das berechtigte Interesse des Vereins besteht in der Information der \u00d6ffentlichkeit durch Berichterstattung \u00fcber die Aktivit\u00e4ten des Vereins. In diesem Rahmen werden personenbezogene Daten einschlie\u00dflich von Bildern der Teilnehmer zum Beispiel im Rahmen der Berichterstattung \u00fcber sportliche Ereignisse des Vereins ver\u00f6ffentlicht.<\/p>\n\n\n\n<p><strong>Zweck der Datenverarbeitung<\/strong><\/p>\n\n\n\n<p>Die personenbezogenen Daten werden f\u00fcr Zwecke der Mitgliederbetreuung und -verwal\u00adtung verarbeitet. Hierzu z\u00e4hlen insbesondere:<\/p>\n\n\n\n<ol type=\"a\">\n<li>die Durchf\u00fchrung des Mitgliedschaftsverh\u00e4ltnisses z.B. Einladungen zu Versammlungen, Beitragseinzug, Organisation des Sportbetriebs,<\/li>\n\n\n\n<li>das Weiterleiten zur Teilnahme am Wettkampf-, Turnier- und Spielbetrieb der Landesfachverb\u00e4nde<\/li>\n\n\n\n<li>Dar\u00fcber hinaus werden personenbezogene Daten im Zusammenhang mit sportlichen Ereignissen, einschlie\u00dflich der Berichterstattung hier\u00fcber, auf der Internetseite des Vereins, in Auftritten des Vereins in sozialen Medien sowie auf den Seiten der Fachverb\u00e4nde ver\u00f6ffentlicht und an lokale und regionale Printmedien \u00fcbermittelt.<\/li>\n<\/ol>\n\n\n\n<p><strong>Empf\u00e4nger von personenbezogenen Daten<\/strong><\/p>\n\n\n\n<p>Personenbezogene Daten der Mitglieder, die am Spiel- und Wettkampfbetrieb der Landesfachverb\u00e4nde teilnehmen, werden zum Erwerb einer Lizenz, einer Wertungskarte, eines Spielerpasses oder sonstiger Teilnahmeberechtigung an den jeweiligen Landesfachverband weitergegeben. Die Daten der Bankverbindung der Mitglieder werden zum Zwecke des Beitragseinzugs an die Volksbank im M\u00e4rkischen Kreis eG weitergeleitet.<\/p>\n\n\n\n<p><strong>Erhebung und Speicherung personenbezogener Daten\/Einwilligung der Betroffenen<\/strong><\/p>\n\n\n\n<p>Personenbezogene Daten werden mit der Beitrittserkl\u00e4rung (Aufnahmeantrag) und der Erteilung eines SEPA-Basis-Lastschriftmandats erhoben und gespeichert. Die Mitglieder werden \u00fcber den Zweck der Datenverarbeitung schriftlich informiert und ihr Einverst\u00e4ndnis eingeholt.<\/p>\n\n\n\n<p><strong>Dauer der Speicherung personenbezogener Daten<\/strong><\/p>\n\n\n\n<p>Die personenbezogenen Daten werden f\u00fcr die Dauer der Mitgliedschaft verarbeitet. Mit Beendigung der Mitgliedschaft werden die Datenkategorien gem\u00e4\u00df den gesetzlichen Aufbewahrungsfristen weitere zehn Jahre vorgehalten und erst dann gel\u00f6scht. In der Zeit zwischen Beendigung der Mitgliedschaft und der L\u00f6schung wird die Verarbeitung dieser Daten eingeschr\u00e4nkt und ruht.<\/p>\n\n\n\n<p>Der Speicherung liegt ein berechtigtes Interesse des Vereins an der zeitgeschichtlichen Dokumentation von sportlichen Ereignissen und Erfolgen und der jeweiligen Zusammensetzung der Mannschaften zugrunde, sodass personenbezogene Daten zum Spielbetrieb (Name, Vorname, Mannschaftszugeh\u00f6rigkeit) ggf. auch \u00fcber das Ende der Mitgliedschaft hinaus auf Papier oder elektronischen Medien gespeichert bleiben.<\/p>\n\n\n\n<p><strong>Verwendung von Vordrucken und Formularen<\/strong><\/p>\n\n\n\n<p>F\u00fcr die Erhebung der personenbezogenen Daten verwendet der Vorstand folgende Formulare:<\/p>\n\n\n\n<ol type=\"a\">\n<li>Aufnahmeantrag TC H\u00fctte<\/li>\n\n\n\n<li>Erteilung einer Einzugserm\u00e4chtigung und eines SEPA-Lastschriftmandats<\/li>\n<\/ol>\n\n\n\n<p><strong>Berichtigung und Vervollst\u00e4ndigung gespeicherter, personenbezogener Daten<\/strong><\/p>\n\n\n\n<p>Auf Verlangen des Mitglieds sind dessen personenbezogene Daten unverz\u00fcglich vom Vorstand zu berichtigen bzw. zu vervollst\u00e4ndigen.<\/p>\n\n\n\n<p><strong>Beschr\u00e4nkung und L\u00f6schung personenbezogener Daten<\/strong><\/p>\n\n\n\n<p>Auf Verlangen des Mitglieds sind einzelne oder s\u00e4mtliche personenbezogenen Daten \u2013 sofern diese nicht zur Erf\u00fcllung rechtlicher Pflichten ben\u00f6tigt werden \u2013 unverz\u00fcglich zu l\u00f6schen. Der Vorstand informiert das Mitglied \u00fcber die Folgen der Datenbeschr\u00e4nkung \/ L\u00f6schung und best\u00e4tigt auf entsprechenden Wunsch die L\u00f6schung der Daten.<\/p>\n\n\n\n<ol type=\"1\"><\/ol>\n\n\n\n<p><strong>Video\u00fcberwachung<\/strong><\/p>\n\n\n\n<p>Aufgrund der abgeschiedenen Lage des Vereinsheims und bereits eingetretener Schadenf\u00e4lle in der Vergangenheit (Vandalismus, Einbruchsversuche) hat der Vorstand am 25.03.2025 die Installation zweier Kameras beschlossen, um im Schadenfall \u00fcber Bildmaterial die Aufkl\u00e4rung unterst\u00fctzen zu k\u00f6nnen.<\/p>\n\n\n\n<p><em>Datenschutz und Pers\u00f6nlichkeitsrechte<\/em><\/p>\n\n\n\n<p>Die Kameras erfassen nur Teile der Platzanlage im Au\u00dfenbereich und der unmittelbaren Umgebung, nicht das Innere des Vereinsheims. Um die Pers\u00f6nlichkeitsrechte zu wahren, ist der Zugriff auf die Aufzeichnungen streng geregelt. Nur autorisierte Personen (= zwei Personen aus dem Vorstand) d\u00fcrfen Einsicht auf das Bildmaterial nehmen und verwalten die Videoanlage.<\/p>\n\n\n\n<p><em>Sicherheitsaspekt<\/em><\/p>\n\n\n\n<ol><\/ol>\n\n\n\n<p>Der eingeschr\u00e4nkte Zugriff dient der Sicherheit zur Wahrung der Pers\u00f6nlichkeitsrechte. Es soll sichergestellt sein, dass Aufzeichnungen nicht missbraucht oder ohne triftigen Grund eingesehen, heruntergeladen und\/oder weitergeleitet werden. Dadurch soll potenzieller Missbrauch des Bildmaterials maximal vermieden werden.<\/p>\n\n\n\n<p><em>Verantwortlichkeiten<\/em><\/p>\n\n\n\n<p>Durch den kleinen und klar definierten Personenkreis ist im Falle eines Vorfalls klar nachvollziehbar, wer auf das Material zugegriffen haben kann. Das erh\u00f6ht die Transparenz und Verantwortung im Umgang mit den erfassten Daten. N\u00e4here Ausk\u00fcnfte hierzu erteilt der Vorstand auf individuelle Nachfrage.<\/p>\n\n\n\n<p><em>Zweckgebundene Nutzung<\/em><\/p>\n\n\n\n<p>Die Kameras dienen ausschlie\u00dflich dem Schutz vor Vandalismus und Diebstahl sowie der M\u00f6glichkeit zur Unterst\u00fctzung bei der Kl\u00e4rung <strong>konkreter<\/strong> Vorf\u00e4lle. Ein permanenter oder offener Zugang ist weder notwendig, noch mit dem urspr\u00fcnglichen Zweck des Eigentumsschutzes vereinbar. Dazu geh\u00f6ren zum Beispiel nicht die \u00dcberpr\u00fcfung der allgemeinen Wetterlage oder eine etwaige aktuelle Platzbelegung (aus Komfort oder \u201eBequemlichkeit\u201c).<\/p>\n\n\n\n<p><em>Technische und administrative Hinweise<\/em><\/p>\n\n\n\n<p>In Erg\u00e4nzung zu lit. a) und b) und zur Vermeidung von Sicherheitsl\u00fccken erfordert der Zugang zum System und dessen Abschottung ein bestimmtes Ma\u00df an technischen Kenntnissen und wird \u00fcber einen gesicherten Zugang geregelt. Eine Verteilung der Zugangsdaten an Personen au\u00dferhalb des Vorstands erfolgt nicht. Auf das Vorhandensein der Kameras wird mit entsprechenden Schildern hingewiesen.<\/p>\n\n\n\n<p>Altena, 31.03.2025<\/p>\n\n\n\n<p>TC H\u00fctte e.V.<br>Der Vorstand<\/p>\n\n\n\n<p><\/p>\n\n\n\n<p><\/p>\n\n\n\n<p><\/p>\n\n\n\n<div class=\"wp-block-file\"><object class=\"wp-block-file__embed\" data=\"http:\/\/www.tc-h\u00fctte.de\/wp-content\/uploads\/2025\/06\/Datenschutzordnung.pdf\" type=\"application\/pdf\" style=\"width:100%;height:600px\" aria-label=\"Einbettung von Datenschutzordnung.\"><\/object><a id=\"wp-block-file--media-3882166d-4e35-4fdc-a8da-e0fecf7a3eaf\" href=\"http:\/\/www.tc-h\u00fctte.de\/wp-content\/uploads\/2025\/06\/Datenschutzordnung.pdf\">Datenschutzordnung<\/a><a href=\"http:\/\/www.tc-h\u00fctte.de\/wp-content\/uploads\/2025\/06\/Datenschutzordnung.pdf\" class=\"wp-block-file__button wp-element-button\" download aria-describedby=\"wp-block-file--media-3882166d-4e35-4fdc-a8da-e0fecf7a3eaf\">Herunterladen<\/a><\/div>\n","protected":false},"excerpt":{"rendered":"<p>Der Vorstand des TC H\u00fctte Altena e.V. hat in seiner Sitzung am 11.06.2018 die nachstehende Datenschutzordnung beschlossen und zuletzt im M\u00e4rz 2025 aktualisiert. Name und Kontaktdaten des Verantwortlichen Tennisclub TC H\u00fctte Altena e.V., Der VorstandE-Mail: tc-huette@web.de Verarbeitung personenbezogener Daten Der Vorstand verarbeitet folgende personenbezogene Daten seiner Mitglieder: Rechtsgrundlage der Verarbeitung Die Verarbeitung der personenbezogenen Daten [&hellip;]<\/p>\n","protected":false},"author":1,"featured_media":0,"parent":0,"menu_order":10,"comment_status":"closed","ping_status":"closed","template":"","meta":{"footnotes":""},"_links":{"self":[{"href":"http:\/\/www.tc-h\u00fctte.de\/index.php?rest_route=\/wp\/v2\/pages\/262"}],"collection":[{"href":"http:\/\/www.tc-h\u00fctte.de\/index.php?rest_route=\/wp\/v2\/pages"}],"about":[{"href":"http:\/\/www.tc-h\u00fctte.de\/index.php?rest_route=\/wp\/v2\/types\/page"}],"author":[{"embeddable":true,"href":"http:\/\/www.tc-h\u00fctte.de\/index.php?rest_route=\/wp\/v2\/users\/1"}],"replies":[{"embeddable":true,"href":"http:\/\/www.tc-h\u00fctte.de\/index.php?rest_route=%2Fwp%2Fv2%2Fcomments&post=262"}],"version-history":[{"count":11,"href":"http:\/\/www.tc-h\u00fctte.de\/index.php?rest_route=\/wp\/v2\/pages\/262\/revisions"}],"predecessor-version":[{"id":1453,"href":"http:\/\/www.tc-h\u00fctte.de\/index.php?rest_route=\/wp\/v2\/pages\/262\/revisions\/1453"}],"wp:attachment":[{"href":"http:\/\/www.tc-h\u00fctte.de\/index.php?rest_route=%2Fwp%2Fv2%2Fmedia&parent=262"}],"curies":[{"name":"wp","href":"https:\/\/api.w.org\/{rel}","templated":true}]}}