{"id":256,"date":"2020-01-24T21:50:27","date_gmt":"2020-01-24T20:50:27","guid":{"rendered":"http:\/\/www.xn--tc-htte-q2a.de\/test\/?page_id=256"},"modified":"2024-03-19T21:49:02","modified_gmt":"2024-03-19T20:49:02","slug":"impressum","status":"publish","type":"page","link":"http:\/\/www.tc-h\u00fctte.de\/?page_id=256","title":{"rendered":"Impressum"},"content":{"rendered":"\n<p> Angaben gem\u00e4\u00df \u00a7 5 TMG<\/p>\n\n\n\n<p>Verantwortlich f\u00fcr den Inhalt:<\/p>\n\n\n\n<p>TC H\u00fctte, Altena e.V.<br>Der Vorstand<br>Mondhahnstrasse 3<br>58762 Altena<br><\/p>\n\n\n\n<h2 class=\"wp-block-heading\">Vertreten durch<\/h2>\n\n\n\n<p>1. Vorsitzender<br>\nScholz, Andre<br>\nSchlettenhof 16 <br>\n58762 Altena<br>\n02352\/75274<br><\/p>\n\n\n\n<h2 class=\"wp-block-heading\">Kontakt<\/h2>\n\n\n\n<p>Telefon: 02392\/62611<br>E-Mail: <a href=\"mailto:tc-huette@web.de\">TC H\u00fctte<\/a><br>Internetadresse: <a rel=\"noreferrer noopener\" href=\"http:\/\/www.tc-h\u00fctte.de\" target=\"_blank\">http:\/\/www.tc-h\u00fctte.de<\/a><br><\/p>\n\n\n\n<h2 class=\"wp-block-heading\">Vereinsnummer:<\/h2>\n\n\n\n<p> WTV 5020301<br><\/p>\n\n\n\n<h2 class=\"wp-block-heading\">Haftungsausschluss<\/h2>\n\n\n\n<p>Haftung f\u00fcr Inhalte<br>Die\n Inhalte unserer Seiten wurden mit gr\u00f6\u00dfter Sorgfalt erstellt. F\u00fcr die \nRichtigkeit, Vollst\u00e4ndigkeit und Aktualit\u00e4t der Inhalte k\u00f6nnen wir \njedoch keine Gew\u00e4hr \u00fcbernehmen. Als Diensteanbieter sind wir gem\u00e4\u00df \u00a7 7 \nAbs.1 TMG f\u00fcr eigene Inhalte auf diesen Seiten nach den allgemeinen \nGesetzen verantwortlich. Nach \u00a7\u00a7 8 bis 10 TMG sind wir als \nDiensteanbieter jedoch nicht verpflichtet, \u00fcbermittelte oder \ngespeicherte fremde Informationen zu \u00fcberwachen oder nach Umst\u00e4nden zu \nforschen, die auf eine rechtswidrige T\u00e4tigkeit hinweisen. \nVerpflichtungen zur Entfernung oder Sperrung der Nutzung von \nInformationen nach den allgemeinen Gesetzen bleiben hiervon unber\u00fchrt. \nEine diesbez\u00fcgliche Haftung ist jedoch erst ab dem Zeitpunkt der \nKenntnis einer konkreten Rechtsverletzung m\u00f6glich. Bei Bekanntwerden von\n entsprechenden Rechtsverletzungen werden wir diese Inhalte umgehend \nentfernen.<\/p>\n\n\n\n<p>Haftung f\u00fcr Links<br>Unser Angebot enth\u00e4lt Links zu \nexternen Webseiten Dritter, auf deren Inhalte wir keinen Einfluss haben.\n Deshalb k\u00f6nnen wir f\u00fcr diese fremden Inhalte auch keine Gew\u00e4hr \n\u00fcbernehmen. F\u00fcr die Inhalte der verlinkten Seiten ist stets der \njeweilige Anbieter oder Betreiber der Seiten verantwortlich. Die \nverlinkten Seiten wurden zum Zeitpunkt der Verlinkung auf m\u00f6gliche \nRechtsverst\u00f6\u00dfe \u00fcberpr\u00fcft. Rechtswidrige Inhalte waren zum Zeitpunkt der \nVerlinkung nicht erkennbar. Eine permanente inhaltliche Kontrolle der \nverlinkten Seiten ist jedoch ohne konkrete Anhaltspunkte einer \nRechtsverletzung nicht zumutbar. Bei Bekanntwerden von \nRechtsverletzungen werden wir derartige Links umgehend entfernen.<\/p>\n\n\n\n<p>Urheberrecht<br>Die\n durch die Seitenbetreiber erstellten bzw. verwendeten Inhalte und Werke\n auf diesen Seiten unterliegen dem deutschen Urheberrecht. Die \nVervielf\u00e4ltigung, Bearbeitung, Verbreitung und jede Art der Verwertung \nau\u00dferhalb der Grenzen des Urheberrechtes bed\u00fcrfen der Zustimmung des \njeweiligen Autors bzw. Erstellers. Downloads und Kopien dieser Seite \nsind nur f\u00fcr den privaten, nicht kommerziellen Gebrauch gestattet. \nSoweit die Inhalte auf dieser Seite nicht vom Betreiber erstellt wurden,\n werden die Urheberrechte Dritter beachtet. Insbesondere werden Inhalte \nDritter als solche gekennzeichnet. Sollten Sie trotzdem auf eine \nUrheberrechtsverletzung aufmerksam werden, bitten wir um einen \nentsprechenden Hinweis. Bei Bekanntwerden von Rechtsverletzungen werden \nwir derartige Inhalte umgehend entfernen.<\/p>\n\n\n\n<p><em>Quelle: <\/em><a href=\"http:\/\/www.muster-vorlagen.net\/\" target=\"_blank\" rel=\"noreferrer noopener\">www.muster-vorlagen.net<\/a><br><\/p>\n","protected":false},"excerpt":{"rendered":"<p>Angaben gem\u00e4\u00df \u00a7 5 TMG Verantwortlich f\u00fcr den Inhalt: TC H\u00fctte, Altena e.V.Der VorstandMondhahnstrasse 358762 Altena Vertreten durch 1. Vorsitzender Scholz, Andre Schlettenhof 16 58762 Altena 02352\/75274 Kontakt Telefon: 02392\/62611E-Mail: TC H\u00fctteInternetadresse: http:\/\/www.tc-h\u00fctte.de Vereinsnummer: WTV 5020301 Haftungsausschluss Haftung f\u00fcr InhalteDie Inhalte unserer Seiten wurden mit gr\u00f6\u00dfter Sorgfalt erstellt. F\u00fcr die Richtigkeit, Vollst\u00e4ndigkeit und Aktualit\u00e4t der [&hellip;]<\/p>\n","protected":false},"author":1,"featured_media":0,"parent":0,"menu_order":11,"comment_status":"closed","ping_status":"closed","template":"","meta":{"footnotes":""},"_links":{"self":[{"href":"http:\/\/www.tc-h\u00fctte.de\/index.php?rest_route=\/wp\/v2\/pages\/256"}],"collection":[{"href":"http:\/\/www.tc-h\u00fctte.de\/index.php?rest_route=\/wp\/v2\/pages"}],"about":[{"href":"http:\/\/www.tc-h\u00fctte.de\/index.php?rest_route=\/wp\/v2\/types\/page"}],"author":[{"embeddable":true,"href":"http:\/\/www.tc-h\u00fctte.de\/index.php?rest_route=\/wp\/v2\/users\/1"}],"replies":[{"embeddable":true,"href":"http:\/\/www.tc-h\u00fctte.de\/index.php?rest_route=%2Fwp%2Fv2%2Fcomments&post=256"}],"version-history":[{"count":4,"href":"http:\/\/www.tc-h\u00fctte.de\/index.php?rest_route=\/wp\/v2\/pages\/256\/revisions"}],"predecessor-version":[{"id":1103,"href":"http:\/\/www.tc-h\u00fctte.de\/index.php?rest_route=\/wp\/v2\/pages\/256\/revisions\/1103"}],"wp:attachment":[{"href":"http:\/\/www.tc-h\u00fctte.de\/index.php?rest_route=%2Fwp%2Fv2%2Fmedia&parent=256"}],"curies":[{"name":"wp","href":"https:\/\/api.w.org\/{rel}","templated":true}]}}