{"id":171,"date":"2020-01-18T20:30:59","date_gmt":"2020-01-18T19:30:59","guid":{"rendered":"http:\/\/www.xn--tc-htte-q2a.de\/test\/?page_id=171"},"modified":"2023-11-02T20:57:51","modified_gmt":"2023-11-02T19:57:51","slug":"2020-2","status":"publish","type":"page","link":"http:\/\/www.tc-h\u00fctte.de\/?page_id=171","title":{"rendered":"Vereinsjubil\u00e4um 2023"},"content":{"rendered":"\n<p>Am 12. August 2023 haben wir unser 60j\u00e4hriges Vereinsjubil\u00e4um auf Hof Elfenfohren gefeiert. Mit einem bunten Rahmenprogramm aus Kinderbelustigung, Livemusik, Ansprachen\/Gru\u00dfworten sowie nat\u00fcrlich Verpflegung in fester und fl\u00fcssiger Form haben wir gemeinsam mit rund 90 G\u00e4sten (Gr\u00fcndungsmitglieder, Aktive, Familienangeh\u00f6rige, Freunde und Bekannte) das Vereinsleben mit vielen einzelnen Erinnerungen und Anekdoten Revue passieren lassen. Als Vertreter der Stadt Altena richtete B\u00fcrgermeister Uwe Kober kurzweilige Gru\u00dfworte an die Anwesenden und gab dabei auch einen (kleinen) Einblick in die eigenen sportlichen Aktivit\u00e4ten&#8230;<\/p>\n\n\n\n<p>Bei typisch Sauerl\u00e4nder Wetter (wechselhaft,  aber schlussendlich sch\u00f6n und sonnig) haben Jung (6 Jahre) und Alt (\u00fcber 90 Jahre) in der kleinen Scheune, aber auch unter freiem Himmel bis sp\u00e4t in die Nacht das generationen\u00fcbergreifende Beisammensein genossen.<\/p>\n\n\n\n<figure class=\"wp-block-gallery has-nested-images columns-default is-cropped wp-block-gallery-1 is-layout-flex wp-block-gallery-is-layout-flex\">\n<figure class=\"wp-block-image size-large\"><img decoding=\"async\" loading=\"lazy\" width=\"1024\" height=\"743\" data-id=\"888\" src=\"http:\/\/www.tc-h\u00fctte.de\/wp-content\/uploads\/2023\/10\/IMG_1079_2-1024x743.jpg\" alt=\"\" class=\"wp-image-888\" srcset=\"http:\/\/www.tc-h\u00fctte.de\/wp-content\/uploads\/2023\/10\/IMG_1079_2-1024x743.jpg 1024w, http:\/\/www.tc-h\u00fctte.de\/wp-content\/uploads\/2023\/10\/IMG_1079_2-300x218.jpg 300w, http:\/\/www.tc-h\u00fctte.de\/wp-content\/uploads\/2023\/10\/IMG_1079_2-768x557.jpg 768w, http:\/\/www.tc-h\u00fctte.de\/wp-content\/uploads\/2023\/10\/IMG_1079_2-1536x1114.jpg 1536w, http:\/\/www.tc-h\u00fctte.de\/wp-content\/uploads\/2023\/10\/IMG_1079_2-2048x1486.jpg 2048w\" sizes=\"(max-width: 1024px) 100vw, 1024px\" \/><\/figure>\n\n\n\n<figure class=\"wp-block-image size-large\"><img decoding=\"async\" loading=\"lazy\" width=\"768\" height=\"1024\" data-id=\"892\" src=\"http:\/\/www.tc-h\u00fctte.de\/wp-content\/uploads\/2023\/10\/IMG_1089-768x1024.jpg\" alt=\"\" class=\"wp-image-892\" srcset=\"http:\/\/www.tc-h\u00fctte.de\/wp-content\/uploads\/2023\/10\/IMG_1089-768x1024.jpg 768w, http:\/\/www.tc-h\u00fctte.de\/wp-content\/uploads\/2023\/10\/IMG_1089-225x300.jpg 225w, http:\/\/www.tc-h\u00fctte.de\/wp-content\/uploads\/2023\/10\/IMG_1089-1152x1536.jpg 1152w, http:\/\/www.tc-h\u00fctte.de\/wp-content\/uploads\/2023\/10\/IMG_1089-1536x2048.jpg 1536w, http:\/\/www.tc-h\u00fctte.de\/wp-content\/uploads\/2023\/10\/IMG_1089-scaled.jpg 1920w\" sizes=\"(max-width: 768px) 100vw, 768px\" \/><\/figure>\n\n\n\n<figure class=\"wp-block-image size-large\"><img decoding=\"async\" loading=\"lazy\" width=\"1024\" height=\"871\" data-id=\"891\" src=\"http:\/\/www.tc-h\u00fctte.de\/wp-content\/uploads\/2023\/10\/IMG_1088-1024x871.jpg\" alt=\"\" class=\"wp-image-891\" srcset=\"http:\/\/www.tc-h\u00fctte.de\/wp-content\/uploads\/2023\/10\/IMG_1088-1024x871.jpg 1024w, http:\/\/www.tc-h\u00fctte.de\/wp-content\/uploads\/2023\/10\/IMG_1088-300x255.jpg 300w, http:\/\/www.tc-h\u00fctte.de\/wp-content\/uploads\/2023\/10\/IMG_1088-768x653.jpg 768w, http:\/\/www.tc-h\u00fctte.de\/wp-content\/uploads\/2023\/10\/IMG_1088-1536x1306.jpg 1536w, http:\/\/www.tc-h\u00fctte.de\/wp-content\/uploads\/2023\/10\/IMG_1088-2048x1741.jpg 2048w\" sizes=\"(max-width: 1024px) 100vw, 1024px\" \/><\/figure>\n\n\n\n<figure class=\"wp-block-image size-large\"><img decoding=\"async\" loading=\"lazy\" width=\"840\" height=\"1024\" data-id=\"902\" src=\"http:\/\/www.tc-h\u00fctte.de\/wp-content\/uploads\/2023\/10\/IMG_1085-1-840x1024.jpg\" alt=\"\" class=\"wp-image-902\" srcset=\"http:\/\/www.tc-h\u00fctte.de\/wp-content\/uploads\/2023\/10\/IMG_1085-1-840x1024.jpg 840w, http:\/\/www.tc-h\u00fctte.de\/wp-content\/uploads\/2023\/10\/IMG_1085-1-246x300.jpg 246w, http:\/\/www.tc-h\u00fctte.de\/wp-content\/uploads\/2023\/10\/IMG_1085-1-768x936.jpg 768w, http:\/\/www.tc-h\u00fctte.de\/wp-content\/uploads\/2023\/10\/IMG_1085-1-1261x1536.jpg 1261w, http:\/\/www.tc-h\u00fctte.de\/wp-content\/uploads\/2023\/10\/IMG_1085-1-1681x2048.jpg 1681w\" sizes=\"(max-width: 840px) 100vw, 840px\" \/><\/figure>\n\n\n\n<figure class=\"wp-block-image size-large\"><img decoding=\"async\" loading=\"lazy\" width=\"768\" height=\"1024\" data-id=\"894\" src=\"http:\/\/www.tc-h\u00fctte.de\/wp-content\/uploads\/2023\/10\/IMG_1098-768x1024.jpg\" alt=\"\" class=\"wp-image-894\" srcset=\"http:\/\/www.tc-h\u00fctte.de\/wp-content\/uploads\/2023\/10\/IMG_1098-768x1024.jpg 768w, http:\/\/www.tc-h\u00fctte.de\/wp-content\/uploads\/2023\/10\/IMG_1098-225x300.jpg 225w, http:\/\/www.tc-h\u00fctte.de\/wp-content\/uploads\/2023\/10\/IMG_1098-1152x1536.jpg 1152w, http:\/\/www.tc-h\u00fctte.de\/wp-content\/uploads\/2023\/10\/IMG_1098-1536x2048.jpg 1536w, http:\/\/www.tc-h\u00fctte.de\/wp-content\/uploads\/2023\/10\/IMG_1098-scaled.jpg 1920w\" sizes=\"(max-width: 768px) 100vw, 768px\" \/><\/figure>\n\n\n\n<figure class=\"wp-block-image size-large\"><img decoding=\"async\" loading=\"lazy\" width=\"1024\" height=\"768\" data-id=\"890\" src=\"http:\/\/www.tc-h\u00fctte.de\/wp-content\/uploads\/2023\/10\/IMG_1087-1024x768.jpg\" alt=\"\" class=\"wp-image-890\" srcset=\"http:\/\/www.tc-h\u00fctte.de\/wp-content\/uploads\/2023\/10\/IMG_1087-1024x768.jpg 1024w, http:\/\/www.tc-h\u00fctte.de\/wp-content\/uploads\/2023\/10\/IMG_1087-300x225.jpg 300w, http:\/\/www.tc-h\u00fctte.de\/wp-content\/uploads\/2023\/10\/IMG_1087-768x576.jpg 768w, http:\/\/www.tc-h\u00fctte.de\/wp-content\/uploads\/2023\/10\/IMG_1087-1536x1152.jpg 1536w, http:\/\/www.tc-h\u00fctte.de\/wp-content\/uploads\/2023\/10\/IMG_1087-2048x1536.jpg 2048w\" sizes=\"(max-width: 1024px) 100vw, 1024px\" \/><\/figure>\n\n\n\n<figure class=\"wp-block-image size-large\"><img decoding=\"async\" loading=\"lazy\" width=\"1024\" height=\"768\" data-id=\"893\" src=\"http:\/\/www.tc-h\u00fctte.de\/wp-content\/uploads\/2023\/10\/IMG_1090-1024x768.jpg\" alt=\"\" class=\"wp-image-893\" srcset=\"http:\/\/www.tc-h\u00fctte.de\/wp-content\/uploads\/2023\/10\/IMG_1090-1024x768.jpg 1024w, http:\/\/www.tc-h\u00fctte.de\/wp-content\/uploads\/2023\/10\/IMG_1090-300x225.jpg 300w, http:\/\/www.tc-h\u00fctte.de\/wp-content\/uploads\/2023\/10\/IMG_1090-768x576.jpg 768w, http:\/\/www.tc-h\u00fctte.de\/wp-content\/uploads\/2023\/10\/IMG_1090-1536x1152.jpg 1536w, http:\/\/www.tc-h\u00fctte.de\/wp-content\/uploads\/2023\/10\/IMG_1090-2048x1536.jpg 2048w\" sizes=\"(max-width: 1024px) 100vw, 1024px\" \/><\/figure>\n<\/figure>\n","protected":false},"excerpt":{"rendered":"<p>Am 12. August 2023 haben wir unser 60j\u00e4hriges Vereinsjubil\u00e4um auf Hof Elfenfohren gefeiert. Mit einem bunten Rahmenprogramm aus Kinderbelustigung, Livemusik, Ansprachen\/Gru\u00dfworten sowie nat\u00fcrlich Verpflegung in fester und fl\u00fcssiger Form haben wir gemeinsam mit rund 90 G\u00e4sten (Gr\u00fcndungsmitglieder, Aktive, Familienangeh\u00f6rige, Freunde und Bekannte) das Vereinsleben mit vielen einzelnen Erinnerungen und Anekdoten Revue passieren lassen. Als Vertreter [&hellip;]<\/p>\n","protected":false},"author":1,"featured_media":0,"parent":168,"menu_order":1,"comment_status":"closed","ping_status":"closed","template":"","meta":{"footnotes":""},"_links":{"self":[{"href":"http:\/\/www.tc-h\u00fctte.de\/index.php?rest_route=\/wp\/v2\/pages\/171"}],"collection":[{"href":"http:\/\/www.tc-h\u00fctte.de\/index.php?rest_route=\/wp\/v2\/pages"}],"about":[{"href":"http:\/\/www.tc-h\u00fctte.de\/index.php?rest_route=\/wp\/v2\/types\/page"}],"author":[{"embeddable":true,"href":"http:\/\/www.tc-h\u00fctte.de\/index.php?rest_route=\/wp\/v2\/users\/1"}],"replies":[{"embeddable":true,"href":"http:\/\/www.tc-h\u00fctte.de\/index.php?rest_route=%2Fwp%2Fv2%2Fcomments&post=171"}],"version-history":[{"count":6,"href":"http:\/\/www.tc-h\u00fctte.de\/index.php?rest_route=\/wp\/v2\/pages\/171\/revisions"}],"predecessor-version":[{"id":944,"href":"http:\/\/www.tc-h\u00fctte.de\/index.php?rest_route=\/wp\/v2\/pages\/171\/revisions\/944"}],"up":[{"embeddable":true,"href":"http:\/\/www.tc-h\u00fctte.de\/index.php?rest_route=\/wp\/v2\/pages\/168"}],"wp:attachment":[{"href":"http:\/\/www.tc-h\u00fctte.de\/index.php?rest_route=%2Fwp%2Fv2%2Fmedia&parent=171"}],"curies":[{"name":"wp","href":"https:\/\/api.w.org\/{rel}","templated":true}]}}