{"id":1027,"date":"2023-11-30T20:04:02","date_gmt":"2023-11-30T19:04:02","guid":{"rendered":"http:\/\/www.tc-h\u00fctte.de\/?page_id=1027"},"modified":"2026-03-06T11:23:39","modified_gmt":"2026-03-06T10:23:39","slug":"mitgliederversammlung","status":"publish","type":"page","link":"http:\/\/www.tc-h\u00fctte.de\/?page_id=1027","title":{"rendered":"Mitgliederversammlung"},"content":{"rendered":"\n<p>Die turnusm\u00e4\u00dfige ordentliche <strong>Mitgliederversammlung <\/strong>des TC H\u00fctte findet am <strong>20. April 2026 um 19 Uhr im Vereinsheim<\/strong> statt.<\/p>\n\n\n\n<figure class=\"wp-block-image size-full\"><img decoding=\"async\" loading=\"lazy\" width=\"620\" height=\"347\" src=\"http:\/\/www.tc-h\u00fctte.de\/wp-content\/uploads\/2023\/12\/csm_Abstimmung_620_d1188f65d1.webp\" alt=\"\" class=\"wp-image-1045\" srcset=\"http:\/\/www.tc-h\u00fctte.de\/wp-content\/uploads\/2023\/12\/csm_Abstimmung_620_d1188f65d1.webp 620w, http:\/\/www.tc-h\u00fctte.de\/wp-content\/uploads\/2023\/12\/csm_Abstimmung_620_d1188f65d1-300x168.webp 300w\" sizes=\"(max-width: 620px) 100vw, 620px\" \/><\/figure>\n","protected":false},"excerpt":{"rendered":"<p>Die turnusm\u00e4\u00dfige ordentliche Mitgliederversammlung des TC H\u00fctte findet am 20. April 2026 um 19 Uhr im Vereinsheim statt.<\/p>\n","protected":false},"author":2,"featured_media":0,"parent":915,"menu_order":0,"comment_status":"closed","ping_status":"closed","template":"","meta":{"footnotes":""},"_links":{"self":[{"href":"http:\/\/www.tc-h\u00fctte.de\/index.php?rest_route=\/wp\/v2\/pages\/1027"}],"collection":[{"href":"http:\/\/www.tc-h\u00fctte.de\/index.php?rest_route=\/wp\/v2\/pages"}],"about":[{"href":"http:\/\/www.tc-h\u00fctte.de\/index.php?rest_route=\/wp\/v2\/types\/page"}],"author":[{"embeddable":true,"href":"http:\/\/www.tc-h\u00fctte.de\/index.php?rest_route=\/wp\/v2\/users\/2"}],"replies":[{"embeddable":true,"href":"http:\/\/www.tc-h\u00fctte.de\/index.php?rest_route=%2Fwp%2Fv2%2Fcomments&post=1027"}],"version-history":[{"count":7,"href":"http:\/\/www.tc-h\u00fctte.de\/index.php?rest_route=\/wp\/v2\/pages\/1027\/revisions"}],"predecessor-version":[{"id":1511,"href":"http:\/\/www.tc-h\u00fctte.de\/index.php?rest_route=\/wp\/v2\/pages\/1027\/revisions\/1511"}],"up":[{"embeddable":true,"href":"http:\/\/www.tc-h\u00fctte.de\/index.php?rest_route=\/wp\/v2\/pages\/915"}],"wp:attachment":[{"href":"http:\/\/www.tc-h\u00fctte.de\/index.php?rest_route=%2Fwp%2Fv2%2Fmedia&parent=1027"}],"curies":[{"name":"wp","href":"https:\/\/api.w.org\/{rel}","templated":true}]}}