{"id":1009,"date":"2023-11-06T13:36:10","date_gmt":"2023-11-06T12:36:10","guid":{"rendered":"http:\/\/www.tc-h\u00fctte.de\/?page_id=1009"},"modified":"2025-04-17T14:15:49","modified_gmt":"2025-04-17T12:15:49","slug":"jugendtraining","status":"publish","type":"page","link":"http:\/\/www.tc-h\u00fctte.de\/?page_id=1009","title":{"rendered":"Tennis f\u00fcr Kinder und Jugendliche"},"content":{"rendered":"\n<figure class=\"wp-block-image size-large is-resized\"><img decoding=\"async\" loading=\"lazy\" width=\"1024\" height=\"585\" src=\"http:\/\/www.tc-h\u00fctte.de\/wp-content\/uploads\/2023\/12\/DVCTE4168-1024x585.jpg\" alt=\"\" class=\"wp-image-1042\" style=\"aspect-ratio:1.7504273504273504;width:731px;height:auto\" srcset=\"http:\/\/www.tc-h\u00fctte.de\/wp-content\/uploads\/2023\/12\/DVCTE4168-1024x585.jpg 1024w, http:\/\/www.tc-h\u00fctte.de\/wp-content\/uploads\/2023\/12\/DVCTE4168-300x171.jpg 300w, http:\/\/www.tc-h\u00fctte.de\/wp-content\/uploads\/2023\/12\/DVCTE4168-768x439.jpg 768w, http:\/\/www.tc-h\u00fctte.de\/wp-content\/uploads\/2023\/12\/DVCTE4168.jpg 1348w\" sizes=\"(max-width: 1024px) 100vw, 1024px\" \/><\/figure>\n\n\n\n<p>Die TC H\u00fctte-Jugend in den 1980er Jahren&#8230;<\/p>\n\n\n\n<p>Viele von den oben abgebildeten &#8222;Nachwuchsstars&#8220; haben mittlerweile selbst Kinder und konnten die Begeisterung f\u00fcr unseren Sport hoffentlich weitergeben.<\/p>\n\n\n\n<p>Auch f\u00fcr Kinder und Jungendliche bieten wir verschiedene Aktivit\u00e4ten rund um das Tennisspielen an. So findet z.B. j\u00e4hrlich ein Kinder- und Jugendtag statt, unser sogenanntes \u201eSchnuppertraining\u201c. Hier sind sowohl die langj\u00e4hrigen Mitglieder unseres Vereins willkommen, als auch jedes neue Gesicht, welches Interesse hat, ganzj\u00e4hrig am Kinder- und Jugendtraining teilzunehmen. Aktuell haben wir sogar eine gemeldete Jugendmannschaft, die Medenspiele bestreitet (heim und ausw\u00e4rts).<\/p>\n\n\n\n<p>Das Kinder- und Jugendtraining findet in der Sommersaison 2025 immer dienstags ab 16:30 Uhr in aktuell zwei Gruppen statt.<\/p>\n\n\n\n<p>Ansprechpartnerin ist unsere <a href=\"http:\/\/www.tc-h\u00fctte.de\/?page_id=310\">Jugendwartin<\/a>.<\/p>\n","protected":false},"excerpt":{"rendered":"<p>Die TC H\u00fctte-Jugend in den 1980er Jahren&#8230; Viele von den oben abgebildeten &#8222;Nachwuchsstars&#8220; haben mittlerweile selbst Kinder und konnten die Begeisterung f\u00fcr unseren Sport hoffentlich weitergeben. Auch f\u00fcr Kinder und Jungendliche bieten wir verschiedene Aktivit\u00e4ten rund um das Tennisspielen an. So findet z.B. j\u00e4hrlich ein Kinder- und Jugendtag statt, unser sogenanntes \u201eSchnuppertraining\u201c. Hier sind sowohl [&hellip;]<\/p>\n","protected":false},"author":2,"featured_media":0,"parent":0,"menu_order":0,"comment_status":"closed","ping_status":"closed","template":"","meta":{"footnotes":""},"_links":{"self":[{"href":"http:\/\/www.tc-h\u00fctte.de\/index.php?rest_route=\/wp\/v2\/pages\/1009"}],"collection":[{"href":"http:\/\/www.tc-h\u00fctte.de\/index.php?rest_route=\/wp\/v2\/pages"}],"about":[{"href":"http:\/\/www.tc-h\u00fctte.de\/index.php?rest_route=\/wp\/v2\/types\/page"}],"author":[{"embeddable":true,"href":"http:\/\/www.tc-h\u00fctte.de\/index.php?rest_route=\/wp\/v2\/users\/2"}],"replies":[{"embeddable":true,"href":"http:\/\/www.tc-h\u00fctte.de\/index.php?rest_route=%2Fwp%2Fv2%2Fcomments&post=1009"}],"version-history":[{"count":8,"href":"http:\/\/www.tc-h\u00fctte.de\/index.php?rest_route=\/wp\/v2\/pages\/1009\/revisions"}],"predecessor-version":[{"id":1403,"href":"http:\/\/www.tc-h\u00fctte.de\/index.php?rest_route=\/wp\/v2\/pages\/1009\/revisions\/1403"}],"wp:attachment":[{"href":"http:\/\/www.tc-h\u00fctte.de\/index.php?rest_route=%2Fwp%2Fv2%2Fmedia&parent=1009"}],"curies":[{"name":"wp","href":"https:\/\/api.w.org\/{rel}","templated":true}]}}